{"id":832,"date":"2021-01-22T02:12:05","date_gmt":"2021-01-21T21:12:05","guid":{"rendered":"http:\/\/ccsa-lrgg-wordpress.ind.ninja\/?page_id=832"},"modified":"2022-09-02T14:53:28","modified_gmt":"2022-09-02T14:53:28","slug":"materiel-promotion-medias-sociaux","status":"publish","type":"page","link":"https:\/\/gamblingguidelines.ca\/fr\/ressources-ldha\/materiel-promotion-medias-sociaux\/","title":{"rendered":"Mat\u00e9riel de promotion sur les m\u00e9dias sociaux"},"content":{"rendered":"\n<p>L\u2019\u00e9quipe du CCDUS a pr\u00e9par\u00e9 quelques ressources pour aider les partenaires et parties int\u00e9ress\u00e9es \u00e0 faire la promotion des <em>Lignes directrices sur les habitudes de jeu \u00e0 moindre risque.<\/em><\/p>\n\n\n\n<p>Les graphiques pour m\u00e9dias sociaux ci-dessous sont l\u2019une de ces ressources. Vous pouvez les t\u00e9l\u00e9charger, puis les jumeler \u00e0 l\u2019un de nos messages pr\u00e9approuv\u00e9s (voir notre <a href=\"http:\/\/gamblingguidelines.ca\/app\/uploads\/2022\/02\/LRGG-Social-Media-Content-Bank-2021-fr.pdf\">banque de messages<\/a>); vous pouvez aussi les utiliser seuls. Faites-les circuler sur les m\u00e9dias sociaux avec le mot-clic #LDHJ.<\/p>\n\n\n\n<div class=\"wp-container-1 wp-block-group\"><div class=\"wp-block-group__inner-container\"><\/div><\/div>\n\n\n\n<h5 class=\"has-text-align-left\"><strong>Promotion des LDHJ<\/strong><\/h5>\n\n\n\n<div class=\"wp-block-media-text alignwide is-stacked-on-mobile\"><figure class=\"wp-block-media-text__media\"><a href=\"\/app\/uploads\/2021\/07\/06-LRGG-instagram-fr.jpg\" target=\"_blank\" rel=\"\/app\/uploads\/2021\/01\/05-LRGG-instagram-en.jpg noopener\"><img loading=\"lazy\" width=\"1024\" height=\"512\" src=\"http:\/\/gamblingguidelines.ca\/app\/uploads\/2021\/08\/06-LRGG-General-Promotion-fr.jpg\" alt=\"Lorsqu'il s'agit de jeux de hasard et d'argent, il est important de respecter le Lignes directrices sur les habitudes de jeu \u00e0 moindre risque.\" class=\"wp-image-2745 size-full\" srcset=\"https:\/\/gamblingguidelines.ca\/app\/uploads\/2021\/08\/06-LRGG-General-Promotion-fr.jpg 1024w, https:\/\/gamblingguidelines.ca\/app\/uploads\/2021\/08\/06-LRGG-General-Promotion-fr-300x150.jpg 300w, https:\/\/gamblingguidelines.ca\/app\/uploads\/2021\/08\/06-LRGG-General-Promotion-fr-768x384.jpg 768w, https:\/\/gamblingguidelines.ca\/app\/uploads\/2021\/08\/06-LRGG-General-Promotion-fr-390x195.jpg 390w\" sizes=\"(max-width: 1024px) 100vw, 1024px\" \/><\/a><\/figure><div class=\"wp-block-media-text__content\">\n<ul><li><a href=\"\/app\/uploads\/2021\/08\/06-LRGG-General-Promotion-fr.jpg\" target=\"_blank\" rel=\"noreferrer noopener\">Facebook<\/a><\/li><li><a href=\"\/app\/uploads\/2021\/08\/06-LRGG-General-Promotion-fr.jpg\" target=\"_blank\" rel=\"noreferrer noopener\">Twitter<\/a><\/li><li><a href=\"\/app\/uploads\/2021\/08\/06-LRGG-General-Promotion-fr.jpg\" target=\"_blank\" rel=\"noreferrer noopener\">LinkedIn<\/a><\/li><li><a href=\"\/app\/uploads\/2021\/07\/06-LRGG-instagram-fr.jpg\" target=\"_blank\" rel=\"noreferrer noopener\">Instagram<\/a><\/li><\/ul>\n<\/div><\/div>\n\n\n\n<h5 class=\"has-text-align-left\"><br><br><strong>Montant \u00e0 d\u00e9penser au jeu<\/strong><\/h5>\n\n\n\n<div class=\"wp-block-media-text alignwide is-stacked-on-mobile is-vertically-aligned-bottom\"><figure class=\"wp-block-media-text__media\"><a href=\"\/app\/uploads\/2021\/08\/01-LRGG-instagram-fr.jpg\" target=\"_blank\" rel=\"\/app\/uploads\/2021\/01\/01-LRGG-instagram-en.jpg noopener\"><img loading=\"lazy\" width=\"1024\" height=\"512\" src=\"http:\/\/gamblingguidelines.ca\/app\/uploads\/2021\/08\/01-LRGG-How-Much-to-Gamble-fr.jpg\" alt=\"Montant \u00e0 d\u00e9penser au jeu\" class=\"wp-image-2753 size-full\" srcset=\"https:\/\/gamblingguidelines.ca\/app\/uploads\/2021\/08\/01-LRGG-How-Much-to-Gamble-fr.jpg 1024w, https:\/\/gamblingguidelines.ca\/app\/uploads\/2021\/08\/01-LRGG-How-Much-to-Gamble-fr-300x150.jpg 300w, https:\/\/gamblingguidelines.ca\/app\/uploads\/2021\/08\/01-LRGG-How-Much-to-Gamble-fr-768x384.jpg 768w, https:\/\/gamblingguidelines.ca\/app\/uploads\/2021\/08\/01-LRGG-How-Much-to-Gamble-fr-390x195.jpg 390w\" sizes=\"(max-width: 1024px) 100vw, 1024px\" \/><\/a><\/figure><div class=\"wp-block-media-text__content\">\n<ul><li><a href=\"\/app\/uploads\/2021\/08\/01-LRGG-How-Much-to-Gamble-fr.jpg\" target=\"_blank\" rel=\"noreferrer noopener\">Facebook<\/a><\/li><li><a href=\"\/app\/uploads\/2021\/08\/01-LRGG-How-Much-to-Gamble-fr.jpg\" target=\"_blank\" rel=\"noreferrer noopener\">Twitter<\/a><\/li><li><a href=\"\/app\/uploads\/2021\/08\/01-LRGG-How-Much-to-Gamble-fr.jpg\" target=\"_blank\" rel=\"noreferrer noopener\">LinkedIn<\/a><\/li><li><a href=\"\/app\/uploads\/2021\/08\/01-LRGG-instagram-fr.jpg\" target=\"_blank\" rel=\"noreferrer noopener\">Instagram<\/a><\/li><\/ul>\n\n\n\n<p><\/p>\n<\/div><\/div>\n\n\n\n<h5 class=\"has-text-align-left\"><br><br><strong>Nombre de types de jeux<\/strong><\/h5>\n\n\n\n<div class=\"wp-block-media-text alignwide is-stacked-on-mobile\"><figure class=\"wp-block-media-text__media\"><a href=\"\/app\/uploads\/2021\/07\/02-LRGG-instagram-fr.jpg\" target=\"_blank\" rel=\"\/app\/uploads\/2021\/01\/02-LRGG-instagram-en.jpg noopener\"><img loading=\"lazy\" width=\"1024\" height=\"512\" src=\"http:\/\/ccsa-lrgg-wordpress.ind.ninja\/app\/uploads\/2021\/07\/02-LRGG-twitter-fr.jpg\" alt=\"\u00c9vitez de jouer r\u00e9guli\u00e8rement \u00e0 plus de 2 formes de jeux de hasard et d'argent.\" class=\"wp-image-2285 size-full\" srcset=\"https:\/\/gamblingguidelines.ca\/app\/uploads\/2021\/07\/02-LRGG-twitter-fr.jpg 1024w, https:\/\/gamblingguidelines.ca\/app\/uploads\/2021\/07\/02-LRGG-twitter-fr-300x150.jpg 300w, https:\/\/gamblingguidelines.ca\/app\/uploads\/2021\/07\/02-LRGG-twitter-fr-768x384.jpg 768w, https:\/\/gamblingguidelines.ca\/app\/uploads\/2021\/07\/02-LRGG-twitter-fr-390x195.jpg 390w\" sizes=\"(max-width: 1024px) 100vw, 1024px\" \/><\/a><\/figure><div class=\"wp-block-media-text__content\">\n<ul><li><a href=\"\/app\/uploads\/2021\/08\/02-LRGG-How-Many-Games-fr.jpg\" target=\"_blank\" rel=\"noreferrer noopener\">Facebook<\/a><\/li><li><a href=\"\/app\/uploads\/2021\/08\/02-LRGG-How-Many-Games-fr.jpg\" target=\"_blank\" rel=\"noreferrer noopener\">Twitter<\/a><\/li><li><a href=\"\/app\/uploads\/2021\/08\/02-LRGG-How-Many-Games-fr.jpg\" target=\"_blank\" rel=\"noreferrer noopener\">LinkedIn<\/a><\/li><li><a href=\"\/app\/uploads\/2021\/07\/02-LRGG-instagram-fr.jpg\" target=\"_blank\" rel=\"noreferrer noopener\">Instagram<\/a><\/li><\/ul>\n\n\n\n<p><\/p>\n<\/div><\/div>\n\n\n\n<h5 class=\"has-text-align-left\"><br><br><strong>Fr\u00e9quence du jeu<\/strong><\/h5>\n\n\n\n<div class=\"wp-block-media-text alignwide is-stacked-on-mobile\"><figure class=\"wp-block-media-text__media\"><a href=\"\/app\/uploads\/2021\/07\/03-LRGG-instagram-fr.jpg\" target=\"_blank\" rel=\"\/app\/uploads\/2021\/01\/03-LRGG-instagram-en.jpg noopener\"><img loading=\"lazy\" width=\"1024\" height=\"512\" src=\"http:\/\/ccsa-lrgg-wordpress.ind.ninja\/app\/uploads\/2021\/07\/03-LRGG-twitter-fr.jpg\" alt=\"Si vous jouez, \u00e9vitez de le faire plus de 4 jours par mois.\" class=\"wp-image-2292 size-full\" srcset=\"https:\/\/gamblingguidelines.ca\/app\/uploads\/2021\/07\/03-LRGG-twitter-fr.jpg 1024w, https:\/\/gamblingguidelines.ca\/app\/uploads\/2021\/07\/03-LRGG-twitter-fr-300x150.jpg 300w, https:\/\/gamblingguidelines.ca\/app\/uploads\/2021\/07\/03-LRGG-twitter-fr-768x384.jpg 768w, https:\/\/gamblingguidelines.ca\/app\/uploads\/2021\/07\/03-LRGG-twitter-fr-390x195.jpg 390w\" sizes=\"(max-width: 1024px) 100vw, 1024px\" \/><\/a><\/figure><div class=\"wp-block-media-text__content\">\n<ul><li><a href=\"\/app\/uploads\/2021\/08\/03-LRGG-How-Often-to-Gamble-fr.jpg\" target=\"_blank\" rel=\"noreferrer noopener\">Facebook<\/a><\/li><li><a href=\"\/app\/uploads\/2021\/08\/03-LRGG-How-Often-to-Gamble-fr.jpg\" target=\"_blank\" rel=\"noreferrer noopener\">Twitter<\/a><\/li><li><a href=\"\/app\/uploads\/2021\/08\/03-LRGG-How-Often-to-Gamble-fr.jpg\" target=\"_blank\" rel=\"noreferrer noopener\">LinkedIn<\/a><\/li><li><a href=\"\/app\/uploads\/2021\/07\/03-LRGG-instagram-fr.jpg\" target=\"_blank\" rel=\"noreferrer noopener\">Instagram<\/a><\/li><\/ul>\n\n\n\n<p><\/p>\n<\/div><\/div>\n\n\n\n<h5 class=\"has-text-align-left\"><br><br><strong>Forme de jeux<\/strong><\/h5>\n\n\n\n<div class=\"wp-block-media-text alignwide is-stacked-on-mobile\"><figure class=\"wp-block-media-text__media\"><a href=\"\/app\/uploads\/2021\/07\/04-LRGG-instagram-fr.jpg\" target=\"_blank\" rel=\"\/app\/uploads\/2021\/01\/04-LRGG-instagram-en.jpg noopener\"><img loading=\"lazy\" width=\"1024\" height=\"512\" src=\"http:\/\/ccsa-lrgg-wordpress.ind.ninja\/app\/uploads\/2021\/07\/04-LRGG-twitter-fr.jpg\" alt=\"Vous jouez? Attention \u00e0 vos choix de jeux de hasard et d'argent.\" class=\"wp-image-2299 size-full\" srcset=\"https:\/\/gamblingguidelines.ca\/app\/uploads\/2021\/07\/04-LRGG-twitter-fr.jpg 1024w, https:\/\/gamblingguidelines.ca\/app\/uploads\/2021\/07\/04-LRGG-twitter-fr-300x150.jpg 300w, https:\/\/gamblingguidelines.ca\/app\/uploads\/2021\/07\/04-LRGG-twitter-fr-768x384.jpg 768w, https:\/\/gamblingguidelines.ca\/app\/uploads\/2021\/07\/04-LRGG-twitter-fr-390x195.jpg 390w\" sizes=\"(max-width: 1024px) 100vw, 1024px\" \/><\/a><\/figure><div class=\"wp-block-media-text__content\">\n<ul><li><a href=\"\/app\/uploads\/2021\/08\/04-LRGG-What-You-Play-Matters-fr.jpg\" target=\"_blank\" rel=\"noreferrer noopener\">Facebook<\/a><\/li><li><a href=\"\/app\/uploads\/2021\/08\/04-LRGG-What-You-Play-Matters-fr.jpg\" target=\"_blank\" rel=\"noreferrer noopener\">Twitter<\/a><\/li><li><a href=\"\/app\/uploads\/2021\/08\/04-LRGG-What-You-Play-Matters-fr.jpg\" target=\"_blank\" rel=\"noreferrer noopener\">LinkedIn<\/a><\/li><li><a href=\"\/app\/uploads\/2021\/07\/04-LRGG-instagram-fr.jpg\" target=\"_blank\" rel=\"noreferrer noopener\">Instagram<\/a><\/li><\/ul>\n\n\n\n<p><\/p>\n<\/div><\/div>\n\n\n\n<h5 class=\"has-text-align-left\"><br><strong>Cons\u00e9quences n\u00e9gatives li\u00e9es \u00e0 la participation \u00e0 <br> des jeux de hasard et d\u2019argent<\/strong><\/h5>\n\n\n\n<div class=\"wp-block-media-text alignwide is-stacked-on-mobile\"><figure class=\"wp-block-media-text__media\"><a href=\"\/app\/uploads\/2021\/07\/05-LRGG-instagram-fr.jpg\" target=\"_blank\" rel=\"\/app\/uploads\/2021\/01\/05-LRGG-instagram-en.jpg noopener\"><img loading=\"lazy\" width=\"1024\" height=\"512\" src=\"http:\/\/ccsa-lrgg-wordpress.ind.ninja\/app\/uploads\/2021\/07\/05-LRGG-twitter-fr.jpg\" alt=\"Les personnes qui jouent \u00e0 des jeux de hasard et d'argent risquent de vivre des cons\u00e9quences n\u00e9gatives comme des difficult\u00e9s financi\u00e8res, des conflits interpersonnels de la d\u00e9tresse \u00e9motionnelle ou psychologique et des probl\u00e8mes de sant\u00e9.\" class=\"wp-image-2305 size-full\" srcset=\"https:\/\/gamblingguidelines.ca\/app\/uploads\/2021\/07\/05-LRGG-twitter-fr.jpg 1024w, https:\/\/gamblingguidelines.ca\/app\/uploads\/2021\/07\/05-LRGG-twitter-fr-300x150.jpg 300w, https:\/\/gamblingguidelines.ca\/app\/uploads\/2021\/07\/05-LRGG-twitter-fr-768x384.jpg 768w, https:\/\/gamblingguidelines.ca\/app\/uploads\/2021\/07\/05-LRGG-twitter-fr-390x195.jpg 390w\" sizes=\"(max-width: 1024px) 100vw, 1024px\" \/><\/a><\/figure><div class=\"wp-block-media-text__content\">\n<ul><li><a href=\"\/app\/uploads\/2021\/08\/05-LRGG-Harms-of-Gambling-fr.jpg\" target=\"_blank\" rel=\"noreferrer noopener\">Facebook<\/a><\/li><li><a href=\"\/app\/uploads\/2021\/08\/05-LRGG-Harms-of-Gambling-fr.jpg\" target=\"_blank\" rel=\"noreferrer noopener\">Twitter<\/a><\/li><li><a href=\"\/app\/uploads\/2021\/08\/05-LRGG-Harms-of-Gambling-fr.jpg\" target=\"_blank\" rel=\"noreferrer noopener\">LinkedIn<\/a><\/li><li><a href=\"\/app\/uploads\/2021\/07\/05-LRGG-instagram-fr.jpg\" target=\"_blank\" rel=\"noreferrer noopener\">Instagram<\/a><\/li><\/ul>\n\n\n\n<p><\/p>\n<\/div><\/div>\n\n\n\n<h5 class=\"has-text-align-left\"> <\/h5>\n\n\n\n<h5 class=\"has-text-align-left\"><strong>Outil interactif d\u2019\u00e9valuation du risque<\/strong> <\/h5>\n\n\n\n<div class=\"wp-block-media-text alignwide is-stacked-on-mobile\"><figure class=\"wp-block-media-text__media\"><a href=\"\/app\/uploads\/2021\/10\/07-LRGG-Risk-Assessment-Tool-fr.jpg\" target=\"_blank\" rel=\"\/app\/uploads\/2021\/01\/05-LRGG-instagram-en.jpg noopener\"><img loading=\"lazy\" width=\"1024\" height=\"512\" src=\"http:\/\/gamblingguidelines.ca\/app\/uploads\/2021\/10\/07-LRGG-Risk-Assessment-Tool-fr.jpg\" alt=\"Outil interactif d\u2019\u00e9valuation du risque\" class=\"wp-image-2980 size-full\" srcset=\"https:\/\/gamblingguidelines.ca\/app\/uploads\/2021\/10\/07-LRGG-Risk-Assessment-Tool-fr.jpg 1024w, https:\/\/gamblingguidelines.ca\/app\/uploads\/2021\/10\/07-LRGG-Risk-Assessment-Tool-fr-300x150.jpg 300w, https:\/\/gamblingguidelines.ca\/app\/uploads\/2021\/10\/07-LRGG-Risk-Assessment-Tool-fr-768x384.jpg 768w, https:\/\/gamblingguidelines.ca\/app\/uploads\/2021\/10\/07-LRGG-Risk-Assessment-Tool-fr-390x195.jpg 390w\" sizes=\"(max-width: 1024px) 100vw, 1024px\" \/><\/a><\/figure><div class=\"wp-block-media-text__content\">\n<ul><li><a href=\"https:\/\/gamblingguidelines.ca\/app\/uploads\/2021\/10\/07-LRGG-Risk-Assessment-Tool-fr.jpg\" target=\"_blank\" rel=\"noreferrer noopener\">Facebook<\/a><\/li><li><a href=\"https:\/\/gamblingguidelines.ca\/app\/uploads\/2021\/10\/07-LRGG-Risk-Assessment-Tool-fr.jpg\" target=\"_blank\" rel=\"noreferrer noopener\">Twitter<\/a><\/li><li><a href=\"https:\/\/gamblingguidelines.ca\/app\/uploads\/2021\/10\/07-LRGG-Risk-Assessment-Tool-fr.jpg\" target=\"_blank\" rel=\"noreferrer noopener\">LinkedIn<\/a><\/li><li><a href=\"https:\/\/gamblingguidelines.ca\/app\/uploads\/2021\/10\/07-LRGG-instagram-fr.jpg\" target=\"_blank\" rel=\"noreferrer noopener\">Instagram<\/a><\/li><\/ul>\n\n\n\n<p><\/p>\n<\/div><\/div>\n","protected":false},"excerpt":{"rendered":"<p>L\u2019\u00e9quipe du CCDUS a pr\u00e9par\u00e9 quelques ressources pour aider les partenaires et parties int\u00e9ress\u00e9es \u00e0 faire la promotion des Lignes directrices sur les habitudes de jeu \u00e0 moindre risque. Les graphiques pour m\u00e9dias sociaux ci-dessous sont l\u2019une de ces ressources. [&hellip;]<\/p>\n","protected":false},"author":4,"featured_media":0,"parent":788,"menu_order":5,"comment_status":"closed","ping_status":"closed","template":"","meta":{"inline_featured_image":false},"_links":{"self":[{"href":"https:\/\/gamblingguidelines.ca\/fr\/wp-json\/wp\/v2\/pages\/832"}],"collection":[{"href":"https:\/\/gamblingguidelines.ca\/fr\/wp-json\/wp\/v2\/pages"}],"about":[{"href":"https:\/\/gamblingguidelines.ca\/fr\/wp-json\/wp\/v2\/types\/page"}],"author":[{"embeddable":true,"href":"https:\/\/gamblingguidelines.ca\/fr\/wp-json\/wp\/v2\/users\/4"}],"replies":[{"embeddable":true,"href":"https:\/\/gamblingguidelines.ca\/fr\/wp-json\/wp\/v2\/comments?post=832"}],"version-history":[{"count":73,"href":"https:\/\/gamblingguidelines.ca\/fr\/wp-json\/wp\/v2\/pages\/832\/revisions"}],"predecessor-version":[{"id":3173,"href":"https:\/\/gamblingguidelines.ca\/fr\/wp-json\/wp\/v2\/pages\/832\/revisions\/3173"}],"up":[{"embeddable":true,"href":"https:\/\/gamblingguidelines.ca\/fr\/wp-json\/wp\/v2\/pages\/788"}],"wp:attachment":[{"href":"https:\/\/gamblingguidelines.ca\/fr\/wp-json\/wp\/v2\/media?parent=832"}],"curies":[{"name":"wp","href":"https:\/\/api.w.org\/{rel}","templated":true}]}}