{"id":823,"date":"2021-01-22T01:45:23","date_gmt":"2021-01-21T20:45:23","guid":{"rendered":"http:\/\/ccsa-lrgg-wordpress.ind.ninja\/?page_id=823"},"modified":"2021-09-03T20:04:51","modified_gmt":"2021-09-03T16:04:51","slug":"directives-image-de-marque","status":"publish","type":"page","link":"https:\/\/gamblingguidelines.ca\/fr\/promouvoir-ressources\/directives-image-de-marque\/","title":{"rendered":"Information sur l\u2019image de marque"},"content":{"rendered":"\n<p><\/p>\n\n\n\n<p>Nous encourageons les partenaires \u00e0 se servir de leur propre mat\u00e9riel pour faire la promotion des<em> Lignes directrices sur les habitudes de jeu \u00e0 moindre risque<\/em>. Si vous choisissez cette option, veuillez suivre les directives ci-dessous ou t\u00e9l\u00e9charger le <a href=\"\/app\/uploads\/2021\/08\/LRGG-Branding-Guidelines-2021-fr.pdf\">document<\/a>.<\/p>\n\n\n\n<p>Vous devrez inclure les \u00e9l\u00e9ments suivants \u00e0 chaque produit de promotion que vous pr\u00e9parez.<\/p>\n\n\n\n<h6><strong>Logo des Lignes directrices sur les habitudes de jeu \u00e0 moindre risque<\/strong><\/h6>\n\n\n\n<p>Le logo doit \u00eatre appos\u00e9 sur tout le mat\u00e9riel promotionnel. Vous recevrez ce logo pendant le processus d\u2019approbation.<\/p>\n\n\n\n<h6><strong><strong>Couleurs officielles<\/strong><\/strong><\/h6>\n\n\n\n<p>Dans le mat\u00e9riel que vous pr\u00e9parez, veuillez utiliser soit les couleurs de votre organisation ou les couleurs officielles des lignes directrices. Si vous voulez utiliser ces derni\u00e8res, voici leurs codes&nbsp;:<\/p>\n\n\n\n<p>Bleu fonc\u00e9&nbsp;: HEX #03334D<br>c=100 m=76 y=45 k=41<\/p>\n\n\n\n<p>Vert&nbsp;: Pantone HEX #338741<br>c=81 m=24 y=100 k=10<\/p>\n\n\n\n<p>Bleu acier\/gris&nbsp;: HEX #2F7688<br>c=82 m=42 y=37 k=8<\/p>\n\n\n\n<h6><strong><strong>Messages cl\u00e9s<\/strong><\/strong><\/h6>\n\n\n\n<p>Dans la mesure du possible, les trois lignes directrices doivent \u00eatre incluses au mat\u00e9riel promotionnel&nbsp;:&nbsp;<\/p>\n\n\n\n<p><strong>Ligne directrice&nbsp;1&nbsp;: \u00e9vitez de jouer plus de 1&nbsp;% du revenu de votre m\u00e9nage, avant imp\u00f4ts, par mois&nbsp;&nbsp;&nbsp;&nbsp;&nbsp;&nbsp;&nbsp;&nbsp;&nbsp;&nbsp;&nbsp;<\/strong><\/p>\n\n\n\n<p><strong>Ligne directrice&nbsp;2&nbsp;: \u00e9vitez de jouer plus de 4&nbsp;jours par mois<\/strong><\/p>\n\n\n\n<p><strong>Ligne directrice&nbsp;3&nbsp;: \u00e9vitez de jouer r\u00e9guli\u00e8rement \u00e0 plus de 2&nbsp;formes de jeux de hasard et d\u2019argent<\/strong><\/p>\n\n\n\n<p>Pour les produits o\u00f9 l\u2019espace est limit\u00e9, vous pouvez faire la promotion d\u2019une seule ligne directrice de votre choix, \u00e0 la condition d\u2019inclure aussi l\u2019\u00e9nonc\u00e9 pertinent de la section <a href=\"#web-address\">Adresse Web<\/a> ci-dessous.<\/p>\n\n\n\n<h6><strong><strong>Images<\/strong><\/strong><\/h6>\n\n\n\n<p>Le but des lignes directrices n\u2019est pas de stigmatiser les personnes qui s\u2019adonnent aux JHA, mais bien de les aider \u00e0 r\u00e9duire leur risque de vivre des cons\u00e9quences n\u00e9gatives li\u00e9es \u00e0 leur participation aux JHA. C\u2019est pourquoi les images utilis\u00e9es pour promouvoir les lignes directrices doivent repr\u00e9senter le jeu de fa\u00e7on neutre.&nbsp;&nbsp;<\/p>\n\n\n\n<p>Il ne faut pas oublier que les images trouv\u00e9es sur le Web sont prot\u00e9g\u00e9es par des droits d\u2019auteur. Donc, le fait de les copier et de les utiliser dans vos produits sans y \u00eatre autoris\u00e9 pourrait \u00eatre consid\u00e9r\u00e9 comme une violation du droit d\u2019auteur de la part de votre organisation.<\/p>\n\n\n\n<p>N\u2019utilisez que des images que vous \u00eates autoris\u00e9 \u00e0 utiliser dans vos produits. Vous pouvez acheter des images libres de droits aupr\u00e8s de ces entreprises d\u2019archives photographiques r\u00e9put\u00e9es&nbsp;:<\/p>\n\n\n\n<ul><li>iStock<\/li><li>Getty Images<\/li><li>Adobe Stock<\/li><li>Shutterstock<\/li><\/ul>\n\n\n\n<h6 id=\"web-address\"><strong><strong>Adresse Web<\/strong><\/strong><\/h6>\n\n\n\n<p>L\u2019adresse Web des lignes directrices doit \u00eatre incluse dans l\u2019ensemble du mat\u00e9riel promotionnel pour que le public sache o\u00f9 trouver de l\u2019information suppl\u00e9mentaire.<\/p>\n\n\n\n<p>Si votre mat\u00e9riel promotionnel pr\u00e9sente <strong>les trois<\/strong> <strong>lignes directrices<\/strong>, veuillez y inscrire cette adresse&nbsp;: www.lignesdirectricesjeu.ca.<\/p>\n\n\n\n<p>Si votre mat\u00e9riel promotionnel pr\u00e9sente l\u2019<strong>une des trois lignes directrices<\/strong>, veuillez y inscrire l\u2019\u00e9nonc\u00e9 suivant&nbsp;:<\/p>\n\n\n\n<p><strong>Pour en savoir plus sur les trois lignes directrices sur les habitudes de jeu \u00e0 moindre risque, voir le www.lignesdirectricesjeu.ca<\/strong><\/p>\n\n\n\n<hr class=\"wp-block-separator\"\/>\n\n\n\n<h2><strong><strong><strong>\u00c9valuation et approbation du mat\u00e9riel promotionnel personnalis\u00e9<\/strong><\/strong><\/strong><\/h2>\n\n\n\n<p>Pour faire \u00e9valuer et approuver votre mat\u00e9riel promotionnel, veuillez remplir la section <strong>Autre<\/strong> du formulaire de <a href=\"\/fr\/promouvoir-ressources\/demande-affranchissement-droit-auteur\/\">demande d\u2019affranchissement de droit d\u2019auteur<\/a>&nbsp; et pr\u00e9senter, dans la section <strong>D\u00e9crire l\u2019utilisation,<\/strong> votre concept et la fa\u00e7on dont vous pr\u00e9voyez utiliser le mat\u00e9riel pour promouvoir les lignes directrices.<\/p>\n\n\n\n<p>Apr\u00e8s la r\u00e9ception de votre formulaire, nous vous demanderons de nous soumettre une version pr\u00e9liminaire de votre mat\u00e9riel promotionnel. Une fois cette version \u00e9valu\u00e9e et approuv\u00e9e, une copie du logo des lignes directrices en format EPS ou JPEG haute r\u00e9solution vous sera envoy\u00e9e. Vous pourrez alors l\u2019ajouter \u00e0 votre mat\u00e9riel.<\/p>\n\n\n\n<p>Aucun nouvel \u00e9l\u00e9ment du mat\u00e9riel promotionnel ne peut \u00eatre utilis\u00e9 tant que vous n\u2019avez pas re\u00e7u un courriel d\u2019autorisation \u00e0 ce sujet. Le processus d\u00e9crit ici est \u00e0 suivre pour chaque produit que vous voulez cr\u00e9er.<\/p>\n\n\n\n<p>Si vous avez des questions concernant les directives sur l\u2019image de marque ou les <em>Lignes directrices sur les habitudes de jeu \u00e0 moindre risque<\/em>, veuillez \u00e9crire \u00e0 <a href=\"mailto:jeux@ccsa.ca\">jeux@ccsa.ca<\/a><\/p>\n\n\n\n<hr class=\"wp-block-separator\"\/>\n","protected":false},"excerpt":{"rendered":"<p>Nous encourageons les partenaires \u00e0 se servir de leur propre mat\u00e9riel pour faire la promotion des Lignes directrices sur les habitudes de jeu \u00e0 moindre risque. Si vous choisissez cette option, veuillez suivre les directives ci-dessous ou t\u00e9l\u00e9charger le document. [&hellip;]<\/p>\n","protected":false},"author":4,"featured_media":0,"parent":959,"menu_order":2,"comment_status":"closed","ping_status":"closed","template":"","meta":{"inline_featured_image":false},"_links":{"self":[{"href":"https:\/\/gamblingguidelines.ca\/fr\/wp-json\/wp\/v2\/pages\/823"}],"collection":[{"href":"https:\/\/gamblingguidelines.ca\/fr\/wp-json\/wp\/v2\/pages"}],"about":[{"href":"https:\/\/gamblingguidelines.ca\/fr\/wp-json\/wp\/v2\/types\/page"}],"author":[{"embeddable":true,"href":"https:\/\/gamblingguidelines.ca\/fr\/wp-json\/wp\/v2\/users\/4"}],"replies":[{"embeddable":true,"href":"https:\/\/gamblingguidelines.ca\/fr\/wp-json\/wp\/v2\/comments?post=823"}],"version-history":[{"count":34,"href":"https:\/\/gamblingguidelines.ca\/fr\/wp-json\/wp\/v2\/pages\/823\/revisions"}],"predecessor-version":[{"id":2842,"href":"https:\/\/gamblingguidelines.ca\/fr\/wp-json\/wp\/v2\/pages\/823\/revisions\/2842"}],"up":[{"embeddable":true,"href":"https:\/\/gamblingguidelines.ca\/fr\/wp-json\/wp\/v2\/pages\/959"}],"wp:attachment":[{"href":"https:\/\/gamblingguidelines.ca\/fr\/wp-json\/wp\/v2\/media?parent=823"}],"curies":[{"name":"wp","href":"https:\/\/api.w.org\/{rel}","templated":true}]}}