{"id":820,"date":"2021-01-21T23:21:10","date_gmt":"2021-01-21T18:21:10","guid":{"rendered":"http:\/\/ccsa-lrgg-wordpress.ind.ninja\/?page_id=820"},"modified":"2021-08-19T20:32:46","modified_gmt":"2021-08-19T16:32:46","slug":"promouvoir-ressources","status":"publish","type":"page","link":"https:\/\/gamblingguidelines.ca\/fr\/promouvoir-ressources\/promouvoir-ressources\/","title":{"rendered":"Promouvoir les Lignes directrices sur les habitudes de jeu \u00e0 moindre risque"},"content":{"rendered":"\n<p>La strat\u00e9gie \u00e0 long terme la plus efficace pour veiller \u00e0 ce que les <em>Lignes directrices sur les habitudes de jeu \u00e0 moindre risque<\/em> r\u00e9duisent les cons\u00e9quences n\u00e9gatives li\u00e9es \u00e0 la participation aux jeux de hasard et d\u2019argent (JHA) est la suivante&nbsp;: les intervenants doivent utiliser les lignes directrices et les int\u00e9grer \u00e0 leurs produits et activit\u00e9s promotionnelles. Elles pourront ainsi devenir une composante essentielle de la r\u00e9ponse de sant\u00e9 publique \u00e0 la question des cons\u00e9quences n\u00e9gatives li\u00e9es aux JHA.<\/p>\n\n\n\n<h5>Quelques exemples d\u2019intervenants&nbsp;:<\/h5>\n\n\n\n<ul><li>les \u00e9quipes charg\u00e9es de concervoir des initiatives ou des programmes sur le jeu responsable;<\/li><li>les intervenants en sant\u00e9 publique qui organisent des campagnes visant \u00e0 renseigner le public sur le jeu \u00e0 moindre risque;<\/li><li>les personnes qui pr\u00e9parent des documents de formation et des programmes de renforcement des comp\u00e9tences portant sur la fa\u00e7on de d\u00e9tecter et de pr\u00e9venir les habitudes de jeu \u00e0 risque.<\/li><\/ul>\n\n\n\n<p>Le pr\u00e9sent guide sur l\u2019image de marque et la promotion fournira \u00e0 ces intervenants des balises claires quant \u00e0 la fa\u00e7on de promouvoir les <em>Lignes directrices sur les habitudes de jeu \u00e0 moindre risque.<\/em><\/p>\n\n\n\n<h5><strong>La promotion des Lignes directrices sur les habitudes de jeu \u00e0 moindre risque s\u2019articule autour de cinq options&nbsp;:<\/strong><\/h5>\n\n\n\n<ol type=\"1\"><li>Reproduction et distribution des ressources pr\u00e9approuv\u00e9es;<\/li><li>Ajout du logo et de l\u2019adresse Web aux ressources pr\u00e9approuv\u00e9es pour les distribuer;<\/li><li>Adaptation des ressources pr\u00e9approuv\u00e9es en d\u2019autres formats, comme des affiches, des banni\u00e8res, des cartes de table, du contenu Web ou autres;<\/li><li>Promotion des messages et graphiques pr\u00e9approuv\u00e9s sur des plateformes de m\u00e9dias sociaux;<\/li><li>Conception par l\u2019intervenant de son propre mat\u00e9riel de promotion.<\/li><\/ol>\n\n\n\n<p>Pour les options&nbsp;1 \u00e0 3, veuillez lire l\u2019information sur le droit d\u2019auteur et remplir le <a href=\"\/fr\/promouvoir-ressources\/demande-affranchissement-droit-auteur\/\">formulaire d\u2019affranchissement du droit d\u2019auteur<\/a> pour amorcer le processus.<\/p>\n\n\n\n<p>Pour l\u2019option&nbsp;4, rendez-vous sur la page <a href=\"\/fr\/ressources-ldjha\/materiel-promotion-medias-sociaux\/\" target=\"_blank\" rel=\"noreferrer noopener\">Outils pour m\u00e9dias sociaux<\/a> pour consulter les images et graphiques pr\u00e9approuv\u00e9s que vous pouvez copier et t\u00e9l\u00e9charger afin de les utiliser sur vos diverses plateformes. Vous n\u2019avez pas \u00e0 demander d\u2019autorisation particuli\u00e8re pour utiliser ces ressources.<\/p>\n\n\n\n<p>Si vous voulez concevoir votre propre mat\u00e9riel de promotion, veuillez vous r\u00e9f\u00e9rer aux <a href=\"\/fr\/promouvoir-ressources\/directives-image-de-marque\/\">directives sur l\u2019image de marque<\/a>. <\/p>\n","protected":false},"excerpt":{"rendered":"<p>La strat\u00e9gie \u00e0 long terme la plus efficace pour veiller \u00e0 ce que les Lignes directrices sur les habitudes de jeu \u00e0 moindre risque r\u00e9duisent les cons\u00e9quences n\u00e9gatives li\u00e9es \u00e0 la participation aux jeux de hasard et d\u2019argent (JHA) est [&hellip;]<\/p>\n","protected":false},"author":4,"featured_media":0,"parent":959,"menu_order":1,"comment_status":"closed","ping_status":"closed","template":"","meta":{"inline_featured_image":false},"_links":{"self":[{"href":"https:\/\/gamblingguidelines.ca\/fr\/wp-json\/wp\/v2\/pages\/820"}],"collection":[{"href":"https:\/\/gamblingguidelines.ca\/fr\/wp-json\/wp\/v2\/pages"}],"about":[{"href":"https:\/\/gamblingguidelines.ca\/fr\/wp-json\/wp\/v2\/types\/page"}],"author":[{"embeddable":true,"href":"https:\/\/gamblingguidelines.ca\/fr\/wp-json\/wp\/v2\/users\/4"}],"replies":[{"embeddable":true,"href":"https:\/\/gamblingguidelines.ca\/fr\/wp-json\/wp\/v2\/comments?post=820"}],"version-history":[{"count":28,"href":"https:\/\/gamblingguidelines.ca\/fr\/wp-json\/wp\/v2\/pages\/820\/revisions"}],"predecessor-version":[{"id":2705,"href":"https:\/\/gamblingguidelines.ca\/fr\/wp-json\/wp\/v2\/pages\/820\/revisions\/2705"}],"up":[{"embeddable":true,"href":"https:\/\/gamblingguidelines.ca\/fr\/wp-json\/wp\/v2\/pages\/959"}],"wp:attachment":[{"href":"https:\/\/gamblingguidelines.ca\/fr\/wp-json\/wp\/v2\/media?parent=820"}],"curies":[{"name":"wp","href":"https:\/\/api.w.org\/{rel}","templated":true}]}}