{"id":814,"date":"2021-01-21T23:07:43","date_gmt":"2021-01-21T18:07:43","guid":{"rendered":"http:\/\/ccsa-lrgg-wordpress.ind.ninja\/?page_id=814"},"modified":"2021-09-08T15:14:12","modified_gmt":"2021-09-08T15:14:12","slug":"qui-est-a-risque","status":"publish","type":"page","link":"https:\/\/gamblingguidelines.ca\/fr\/lignes-directrices-sur-les-jeux\/qui-est-a-risque\/","title":{"rendered":"Quelles sont les personnes susceptibles de vivre des cons\u00e9quences n\u00e9gatives li\u00e9es \u00e0 leur participation aux jeux de hasard et d\u2019argent?"},"content":{"rendered":"\n<div class=\"wp-block-columns\">\n<div class=\"wp-block-column\" style=\"flex-basis:66.66%\">\n<p>La plupart des personnes qui s\u2019adonnent \u00e0 des jeux de hasard et d\u2019argent (JHA) au Canada le font sans probl\u00e8me, mais toutes risquent de vivre des <a href=\"\/fr\/lignes-directrices-sur-les-jeux\/problemes-lies-au-jeu\/\">cons\u00e9quences n\u00e9gatives<\/a> , \u00e0 un niveau ou \u00e0 un autre.<\/p>\n\n\n\n<p>Cela dit, certaines personnes sont plus \u00e0 risque que d\u2019autres, et les <em>Lignes directrices sur les habitudes de jeu \u00e0 moindre risque<\/em> pourraient ne pas leur convenir. Il est donc pr\u00e9f\u00e9rable de vous fixer des limites plus strictes que celles \u00e9nonc\u00e9es dans les lignes directrices ou de vous abstenir de jouer si :<\/p>\n\n\n\n<ul><li>vous avez des probl\u00e8mes de consommation d\u2019alcool, de cannabis ou d\u2019autres substances;<\/li><li>vous souffrez d\u2019anxi\u00e9t\u00e9, de d\u00e9pression ou d\u2019autres troubles de sant\u00e9 mentale;<\/li><li>vous avez des ant\u00e9c\u00e9dents personnels ou familiaux de probl\u00e8mes li\u00e9s aux JHA.<\/li><\/ul>\n<\/div>\n\n\n\n<div class=\"wp-block-column\" style=\"flex-basis:33.33%\">\n<figure class=\"wp-block-image size-large\"><a href=\"\/fr\/resource\/le-risque-de-problemes-lies-aux-jeux-dargent-est-plus-eleve-pour-certains-affiche\/\" target=\"_blank\" rel=\"noopener\"><img loading=\"lazy\" width=\"500\" height=\"647\" src=\"http:\/\/gamblingguidelines.ca\/app\/uploads\/2021\/01\/LRGG-People-Likely-to-Experience-Harms-Gambling-Poster-2021-fr.png\" alt=\"Certaines personnes sont plus \u00e0 risque de vivre des cons\u00e9quences n\u00e9gatives li\u00e9es aux jeux de hasard et d\u2019argent [affiche]\" class=\"wp-image-2186\" srcset=\"https:\/\/gamblingguidelines.ca\/app\/uploads\/2021\/01\/LRGG-People-Likely-to-Experience-Harms-Gambling-Poster-2021-fr.png 500w, https:\/\/gamblingguidelines.ca\/app\/uploads\/2021\/01\/LRGG-People-Likely-to-Experience-Harms-Gambling-Poster-2021-fr-232x300.png 232w, https:\/\/gamblingguidelines.ca\/app\/uploads\/2021\/01\/LRGG-People-Likely-to-Experience-Harms-Gambling-Poster-2021-fr-155x200.png 155w\" sizes=\"(max-width: 500px) 100vw, 500px\" \/><\/a><\/figure>\n<\/div>\n<\/div>\n","protected":false},"excerpt":{"rendered":"<p>La plupart des personnes qui s\u2019adonnent \u00e0 des jeux de hasard et d\u2019argent (JHA) au Canada le font sans probl\u00e8me, mais toutes risquent de vivre des cons\u00e9quences n\u00e9gatives , \u00e0 un niveau ou \u00e0 un autre. Cela dit, certaines personnes [&hellip;]<\/p>\n","protected":false},"author":4,"featured_media":0,"parent":28,"menu_order":3,"comment_status":"closed","ping_status":"closed","template":"","meta":{"inline_featured_image":false},"_links":{"self":[{"href":"https:\/\/gamblingguidelines.ca\/fr\/wp-json\/wp\/v2\/pages\/814"}],"collection":[{"href":"https:\/\/gamblingguidelines.ca\/fr\/wp-json\/wp\/v2\/pages"}],"about":[{"href":"https:\/\/gamblingguidelines.ca\/fr\/wp-json\/wp\/v2\/types\/page"}],"author":[{"embeddable":true,"href":"https:\/\/gamblingguidelines.ca\/fr\/wp-json\/wp\/v2\/users\/4"}],"replies":[{"embeddable":true,"href":"https:\/\/gamblingguidelines.ca\/fr\/wp-json\/wp\/v2\/comments?post=814"}],"version-history":[{"count":38,"href":"https:\/\/gamblingguidelines.ca\/fr\/wp-json\/wp\/v2\/pages\/814\/revisions"}],"predecessor-version":[{"id":2867,"href":"https:\/\/gamblingguidelines.ca\/fr\/wp-json\/wp\/v2\/pages\/814\/revisions\/2867"}],"up":[{"embeddable":true,"href":"https:\/\/gamblingguidelines.ca\/fr\/wp-json\/wp\/v2\/pages\/28"}],"wp:attachment":[{"href":"https:\/\/gamblingguidelines.ca\/fr\/wp-json\/wp\/v2\/media?parent=814"}],"curies":[{"name":"wp","href":"https:\/\/api.w.org\/{rel}","templated":true}]}}