{"id":811,"date":"2021-01-21T23:00:40","date_gmt":"2021-01-21T18:00:40","guid":{"rendered":"http:\/\/ccsa-lrgg-wordpress.ind.ninja\/?page_id=811"},"modified":"2021-09-08T15:12:32","modified_gmt":"2021-09-08T15:12:32","slug":"problemes-lies-au-jeu","status":"publish","type":"page","link":"https:\/\/gamblingguidelines.ca\/fr\/lignes-directrices-sur-les-jeux\/problemes-lies-au-jeu\/","title":{"rendered":"Cons\u00e9quences li\u00e9es \u00e0 la participation aux jeux de hasard et d\u2019argent"},"content":{"rendered":"\n<div class=\"wp-block-columns\">\n<div class=\"wp-block-column\" style=\"flex-basis:66.66%\">\n<p>En g\u00e9n\u00e9ral, il est possible de s\u2019adonner aux jeux de hasard et d\u2019argent (JHA) sans incidence n\u00e9gative. Cela dit, les cons\u00e9quences les plus \u00e9videntes li\u00e9es aux JHA sont les pertes d\u2019argent ou les probl\u00e8mes financiers. Pourtant, comme l\u2019indique le rapport sur les <a href=\"\/fr\/resource\/la-creation-des-lignes-directrices-sur-les-jeux-de-hasard-et-dargent-a-faible-risque-rapport\/\">Lignes directrices sur les habitudes de jeu \u00e0 moindre risque<\/a>, les JHA peuvent entra\u00eener d\u2019autres r\u00e9percussions pour les personnes qui jouent r\u00e9guli\u00e8rement. Ces r\u00e9percussions risquent d\u2019ailleurs d\u2019affecter davantage les personnes qui d\u00e9pensent beaucoup d\u2019argent, qui jouent souvent ou qui ont des caract\u00e9ristiques qui les rendent plus <a href=\"\/fr\/lignes-directrices-sur-les-jeux\/qui-est-a-risque\/\">vuln\u00e9rables aux cons\u00e9quences li\u00e9es aux JHA.<\/a><\/p>\n\n\n\n<p>Cat\u00e9gories de cons\u00e9quences<\/p>\n\n\n\n<h6>1. <strong>Difficult\u00e9s financi\u00e8res<\/strong><\/h6>\n\n\n\n<ul><li>Disparition graduelle de l\u2019\u00e9pargne<\/li><li>D\u00e9claration de faillite<\/li><\/ul>\n<\/div>\n\n\n\n<div class=\"wp-block-column\" style=\"flex-basis:33.33%\">\n<figure class=\"wp-block-image size-large\"><a href=\"\/fr\/resource\/lrgg-lower-risk-gambling-guidelines-poster-2021-fr-pdf\/\" target=\"_blank\" rel=\"noopener\"><img loading=\"lazy\" width=\"500\" height=\"647\" src=\"http:\/\/gamblingguidelines.ca\/app\/uploads\/2021\/01\/LRGG-Gambling-Harms-Poster-2021-fr.png\" alt=\"Cons\u00e9quences li\u00e9es \u00e0 la participation aux jeux de hasard et d\u2019argent [affiche]\" class=\"wp-image-2216\" srcset=\"https:\/\/gamblingguidelines.ca\/app\/uploads\/2021\/01\/LRGG-Gambling-Harms-Poster-2021-fr.png 500w, https:\/\/gamblingguidelines.ca\/app\/uploads\/2021\/01\/LRGG-Gambling-Harms-Poster-2021-fr-232x300.png 232w, https:\/\/gamblingguidelines.ca\/app\/uploads\/2021\/01\/LRGG-Gambling-Harms-Poster-2021-fr-155x200.png 155w\" sizes=\"(max-width: 500px) 100vw, 500px\" \/><\/a><\/figure>\n<\/div>\n<\/div>\n\n\n\n<h6>2. <strong><strong>Conflits interpersonnels<\/strong><\/strong><\/h6>\n\n\n\n<ul><li>N\u00e9gligence des relations avec le conjoint<\/li><li>N\u00e9gligence des relations avec les enfants, la famille \u00e9largie et les amis<\/li><li>Isolement social<\/li><\/ul>\n\n\n\n<h6>3. <strong><strong>D\u00e9tresse \u00e9motionnelle ou psychologique<\/strong><\/strong><\/h6>\n\n\n\n<ul><li>Sentiments de culpabilit\u00e9, de solitude et d\u2019isolement<\/li><li>Distorsions cognitives<\/li><li>Comportement suicidaire<\/li><\/ul>\n\n\n\n<h6>4. <strong><strong>Probl\u00e8mes de sant\u00e9<\/strong><\/strong><\/h6>\n\n\n\n<ul><li>Capacit\u00e9 amoindrie \u00e0 prendre soin de soi<\/li><li>Plus grande consommation d\u2019alcool<\/li><li>Usage de substances illicites<\/li><\/ul>\n\n\n\n<p class=\"has-small-font-size\"><strong>Remarque :<\/strong><a><strong> <\/strong><\/a>Les probl\u00e8mes li\u00e9s aux jeux de hasard et d\u2019argent sont d\u00e9finis comme une d\u00e9t\u00e9rioration de l\u2019\u00e9tat de sant\u00e9 ou de bien-\u00eatre d\u2019une personne, d\u2019une unit\u00e9 familiale, d\u2019une communaut\u00e9 ou d\u2019une population attribuable aux jeux d\u2019argent. Voir Browne, M., E. Langham, V. Rawat, N. Greer, E. Li, J. Rose, M. Rockloff, &#8230; et T. Best. <em>Assessing gambling-related harm in Victoria: A public health perspective<\/em>, Melbourne (Australie), Victorian Responsible Gambling Foundation, 2016.<\/p>\n\n\n\n<p>&nbsp;<\/p>\n","protected":false},"excerpt":{"rendered":"<p>En g\u00e9n\u00e9ral, il est possible de s\u2019adonner aux jeux de hasard et d\u2019argent (JHA) sans incidence n\u00e9gative. Cela dit, les cons\u00e9quences les plus \u00e9videntes li\u00e9es aux JHA sont les pertes d\u2019argent ou les probl\u00e8mes financiers. Pourtant, comme l\u2019indique le rapport [&hellip;]<\/p>\n","protected":false},"author":4,"featured_media":0,"parent":28,"menu_order":2,"comment_status":"closed","ping_status":"closed","template":"","meta":{"inline_featured_image":false},"_links":{"self":[{"href":"https:\/\/gamblingguidelines.ca\/fr\/wp-json\/wp\/v2\/pages\/811"}],"collection":[{"href":"https:\/\/gamblingguidelines.ca\/fr\/wp-json\/wp\/v2\/pages"}],"about":[{"href":"https:\/\/gamblingguidelines.ca\/fr\/wp-json\/wp\/v2\/types\/page"}],"author":[{"embeddable":true,"href":"https:\/\/gamblingguidelines.ca\/fr\/wp-json\/wp\/v2\/users\/4"}],"replies":[{"embeddable":true,"href":"https:\/\/gamblingguidelines.ca\/fr\/wp-json\/wp\/v2\/comments?post=811"}],"version-history":[{"count":37,"href":"https:\/\/gamblingguidelines.ca\/fr\/wp-json\/wp\/v2\/pages\/811\/revisions"}],"predecessor-version":[{"id":2863,"href":"https:\/\/gamblingguidelines.ca\/fr\/wp-json\/wp\/v2\/pages\/811\/revisions\/2863"}],"up":[{"embeddable":true,"href":"https:\/\/gamblingguidelines.ca\/fr\/wp-json\/wp\/v2\/pages\/28"}],"wp:attachment":[{"href":"https:\/\/gamblingguidelines.ca\/fr\/wp-json\/wp\/v2\/media?parent=811"}],"curies":[{"name":"wp","href":"https:\/\/api.w.org\/{rel}","templated":true}]}}