{"id":808,"date":"2021-01-21T22:55:16","date_gmt":"2021-01-21T17:55:16","guid":{"rendered":"http:\/\/ccsa-lrgg-wordpress.ind.ninja\/?page_id=808"},"modified":"2021-08-25T19:21:35","modified_gmt":"2021-08-25T15:21:35","slug":"quelles-sont-les-lignes-directrices","status":"publish","type":"page","link":"https:\/\/gamblingguidelines.ca\/fr\/lignes-directrices-sur-les-jeux\/quelles-sont-les-lignes-directrices\/","title":{"rendered":"Lignes directrices sur les habitudes de jeu \u00e0 moindre risque"},"content":{"rendered":"\n<div class=\"wp-block-columns\">\n<div class=\"wp-block-column\" style=\"flex-basis:66.66%\">\n<p>Jouer, c\u2019est s\u2019adonner \u00e0 des jeux de hasard en misant de l\u2019argent dans l\u2019espoir d\u2019en gagner plus. &nbsp;<\/p>\n\n\n\n<p>Si vous jouez, les nouvelles <a href=\"\/fr\/resource\/la-creation-des-lignes-directrices-sur-les-jeux-de-hasard-et-dargent-a-faible-risque-rapport\/\">Lignes directrices sur les habitudes de jeu \u00e0 moindre risque<\/a> vous aideront \u00e0 r\u00e9duire les risques et les cons\u00e9quences li\u00e9s \u00e0 votre participation au jeu. Il n\u2019y a que trois lignes directrices, mais il est important de toutes les suivre simultan\u00e9ment.<\/p>\n\n\n\n<p><em>Le Groupe de travail scientifique sur les Lignes directrices de jeu \u00e0 moindre risque s\u2019est servi de donn\u00e9es scientifiques r\u00e9centes pour \u00e9laborer les lignes directrices. Celles-ci s\u2019adressent aux personnes ayant l\u2019\u00e2ge l\u00e9gal pour jouer \u00e0 des jeux de hasard et d\u2019argent et qui veulent faire des choix \u00e9clair\u00e9s par rapport \u00e0 leurs habitudes de jeu.<\/em><\/p>\n\n\n\n<h3><strong>Ligne directrice&nbsp;1&nbsp;: \u00e9vitez de jouer plus de 1&nbsp;% du revenu de votre m\u00e9nage par mois<\/strong><\/h3>\n\n\n\n<p>\u00c9vitez de jouer plus de <strong>1&nbsp;%<\/strong> du revenu de votre m\u00e9nage, avant imp\u00f4ts, par mois. Par exemple, si le revenu de votre m\u00e9nage est de 70\u2009000&nbsp;$ avant imp\u00f4ts, vous ne devriez pas consacrer plus de 58&nbsp;$ par mois aux jeux de hasard et d\u2019argent.<\/p>\n<\/div>\n\n\n\n<div class=\"wp-block-column\" style=\"flex-basis:33.33%\">\n<figure class=\"wp-block-image size-large\"><a href=\"\/app\/uploads\/2021\/01\/LRGG-Lower-Risk-Gambling-Guidelines-Poster-2021-fr.pdf\" target=\"_blank\" rel=\"noopener\"><img loading=\"lazy\" width=\"500\" height=\"773\" src=\"http:\/\/gamblingguidelines.ca\/app\/uploads\/2021\/01\/LRGG-Lower-Risk-Gambling-Guidelines-Poster-2021-fr.png\" alt=\"Lignes directrices sur les habitudes de jeu \u00e0 moindre risque [affiche]\" class=\"wp-image-2210\" srcset=\"https:\/\/gamblingguidelines.ca\/app\/uploads\/2021\/01\/LRGG-Lower-Risk-Gambling-Guidelines-Poster-2021-fr.png 500w, https:\/\/gamblingguidelines.ca\/app\/uploads\/2021\/01\/LRGG-Lower-Risk-Gambling-Guidelines-Poster-2021-fr-194x300.png 194w, https:\/\/gamblingguidelines.ca\/app\/uploads\/2021\/01\/LRGG-Lower-Risk-Gambling-Guidelines-Poster-2021-fr-129x200.png 129w\" sizes=\"(max-width: 500px) 100vw, 500px\" \/><\/a><\/figure>\n<\/div>\n<\/div>\n\n\n\n<p>Exemples de montants que vous pouvez jouer par mois tout en respectant cette ligne directrice &nbsp;<\/p>\n\n\n\n<figure class=\"wp-block-table is-style-stripes\"><table><tbody><tr><td class=\"has-text-align-center\" data-align=\"center\"><strong>Revenu annuel du m\u00e9nage<\/strong><\/td><td class=\"has-text-align-center\" data-align=\"center\"><strong>Montant mensuel maximum<\/strong><\/td><\/tr><tr><td class=\"has-text-align-center\" data-align=\"center\">10 000 $<\/td><td class=\"has-text-align-center\" data-align=\"center\">8 $<\/td><\/tr><tr><td class=\"has-text-align-center\" data-align=\"center\">20 000 $<\/td><td class=\"has-text-align-center\" data-align=\"center\">17 $<\/td><\/tr><tr><td class=\"has-text-align-center\" data-align=\"center\">40 000 $<\/td><td class=\"has-text-align-center\" data-align=\"center\">33 $<\/td><\/tr><tr><td class=\"has-text-align-center\" data-align=\"center\">70 000 $<\/td><td class=\"has-text-align-center\" data-align=\"center\">58 $<\/td><\/tr><tr><td class=\"has-text-align-center\" data-align=\"center\">80 000 $<\/td><td class=\"has-text-align-center\" data-align=\"center\">67 $<\/td><\/tr><tr><td class=\"has-text-align-center\" data-align=\"center\">100 000 $<\/td><td class=\"has-text-align-center\" data-align=\"center\">83 $<\/td><\/tr><tr><td class=\"has-text-align-center\" data-align=\"center\">120 000 $<\/td><td class=\"has-text-align-center\" data-align=\"center\">100 $<\/td><\/tr><tr><td class=\"has-text-align-center\" data-align=\"center\">130 000 $<\/td><td class=\"has-text-align-center\" data-align=\"center\">108 $<\/td><\/tr><\/tbody><\/table><\/figure>\n\n\n\n<p><\/p>\n\n\n\n<hr class=\"wp-block-separator\"\/>\n\n\n\n<h3 id=\"block-3890dfe6-2446-4eab-badb-f327100ad16f\"><strong><strong>Ligne directrice&nbsp;2&nbsp;: \u00e9vitez de jouer plus de 4 jours par mois<\/strong><\/strong><\/h3>\n\n\n\n<p>Cette ligne directrice vous recommande de ne pas jouer plus de 4 jours par mois, soit environ une fois par semaine.<\/p>\n\n\n\n<p><strong><em>Pour que les Lignes directrices sur les habitudes de jeu \u00e0 moindre risque puissent contribuer \u00e0 r\u00e9duire les cons\u00e9quences li\u00e9es \u00e0 la participation aux jeux de hasard et d\u2019argent, il faut respecter les trois lignes directrices ensemble, et non pas individuellement.&nbsp;<\/em><\/strong><\/p>\n\n\n\n<hr class=\"wp-block-separator\"\/>\n\n\n\n<h3><strong><strong>Ligne directrice&nbsp;3&nbsp;: \u00e9vitez de jouer r\u00e9guli\u00e8rement \u00e0 plus de 2 formes de jeux de hasard et d\u2019argent &nbsp;<\/strong><\/strong><\/h3>\n\n\n\n<p id=\"block-49118dab-5289-400e-a847-91a3e0de2f7b\">Vous jouez r\u00e9guli\u00e8rement? \u00c9vitez de jouer \u00e0 plus de 2 formes de jeux.<\/p>\n\n\n\n<p id=\"block-7ad4e810-d02b-4ec6-8097-6cd1685e518d\">Quelques formes de jeux bien connues&nbsp;:<\/p>\n\n\n\n<ul><li>la loterie<\/li><li>les paris sportifs<\/li><li>les jeux de table (roulette, poker, blackjack, craps)<\/li><li>les machines \u00e0 sous<\/li><li>les billets \u00e0 gratter<\/li><li>les courses de chevaux&nbsp;<\/li><li>le bingo<\/li><li>les appareils de loterie vid\u00e9o &nbsp;<\/li><li>les jeux en ligne comme le poker ou les machines \u00e0 sous<\/li><\/ul>\n\n\n\n<hr class=\"wp-block-separator\"\/>\n\n\n\n<h5><strong><strong><strong>Populations \u00e0 risque et facteurs contextuels<\/strong><\/strong><\/strong><\/h5>\n\n\n\n<p>Si les facteurs de risque suivants sont pr\u00e9sents dans votre vie, les limites recommand\u00e9es pourraient ne pas vous convenir&nbsp;:<\/p>\n\n\n\n<ul><li>probl\u00e8mes de consommation d\u2019alcool, de cannabis ou d\u2019autres substances<\/li><li>anxi\u00e9t\u00e9 ou d\u00e9pression<\/li><li>ant\u00e9c\u00e9dents personnels ou familiaux de probl\u00e8mes li\u00e9s aux jeux de hasard et d\u2019argent ou de troubles li\u00e9s \u00e0 l\u2019usage de substances<\/li><\/ul>\n\n\n\n<p>Dans ces situations, vous devriez vous fixer des limites plus strictes que celles \u00e9nonc\u00e9es dans les lignes directrices ou vous abstenir de jouer.<\/p>\n\n\n\n<h5><strong><strong>Formes de jeux<\/strong><\/strong><\/h5>\n\n\n\n<p>Vous jouez? Attention \u00e0 vos choix de jeux de hasard et d\u2019argent.<\/p>\n\n\n\n<p>Certaines formes de jeux qui permettent de faire des mises rapidement pourraient entra\u00eener des probl\u00e8mes plus facilement et rapidement que les autres. Par exemple, les machines \u00e0 sous, les appareils de loterie vid\u00e9o, le poker et plusieurs formes de jeux en ligne peuvent mener \u00e0 d\u00e9penser plus d\u2019argent et en peu de temps.<\/p>\n\n\n\n<h5><strong><strong>Pour quelles raisons jouez-vous?<\/strong><\/strong><\/h5>\n\n\n\n<p>Qu\u2019est-ce qui vous incite \u00e0 jouer? Est-ce pour vous amuser? Si vous jouez pour fuir vos probl\u00e8mes, vous \u00eates plus susceptible de vivre des cons\u00e9quences n\u00e9gatives. Vous pourriez \u00e9galement avoir de la difficult\u00e9 \u00e0 respecter les recommandations.<\/p>\n","protected":false},"excerpt":{"rendered":"<p>Jouer, c\u2019est s\u2019adonner \u00e0 des jeux de hasard en misant de l\u2019argent dans l\u2019espoir d\u2019en gagner plus. &nbsp; Si vous jouez, les nouvelles Lignes directrices sur les habitudes de jeu \u00e0 moindre risque vous aideront \u00e0 r\u00e9duire les risques et [&hellip;]<\/p>\n","protected":false},"author":4,"featured_media":0,"parent":28,"menu_order":1,"comment_status":"closed","ping_status":"closed","template":"","meta":{"inline_featured_image":false},"_links":{"self":[{"href":"https:\/\/gamblingguidelines.ca\/fr\/wp-json\/wp\/v2\/pages\/808"}],"collection":[{"href":"https:\/\/gamblingguidelines.ca\/fr\/wp-json\/wp\/v2\/pages"}],"about":[{"href":"https:\/\/gamblingguidelines.ca\/fr\/wp-json\/wp\/v2\/types\/page"}],"author":[{"embeddable":true,"href":"https:\/\/gamblingguidelines.ca\/fr\/wp-json\/wp\/v2\/users\/4"}],"replies":[{"embeddable":true,"href":"https:\/\/gamblingguidelines.ca\/fr\/wp-json\/wp\/v2\/comments?post=808"}],"version-history":[{"count":72,"href":"https:\/\/gamblingguidelines.ca\/fr\/wp-json\/wp\/v2\/pages\/808\/revisions"}],"predecessor-version":[{"id":2740,"href":"https:\/\/gamblingguidelines.ca\/fr\/wp-json\/wp\/v2\/pages\/808\/revisions\/2740"}],"up":[{"embeddable":true,"href":"https:\/\/gamblingguidelines.ca\/fr\/wp-json\/wp\/v2\/pages\/28"}],"wp:attachment":[{"href":"https:\/\/gamblingguidelines.ca\/fr\/wp-json\/wp\/v2\/media?parent=808"}],"curies":[{"name":"wp","href":"https:\/\/api.w.org\/{rel}","templated":true}]}}