{"id":707,"date":"2021-01-19T04:11:18","date_gmt":"2021-01-18T23:11:18","guid":{"rendered":"http:\/\/ccsa-lrgg-wordpress.ind.ninja\/?page_id=707"},"modified":"2024-10-30T17:56:12","modified_gmt":"2024-10-30T17:56:12","slug":"obtenir-aide","status":"publish","type":"page","link":"https:\/\/gamblingguidelines.ca\/fr\/obtenir-aide\/","title":{"rendered":"Lignes d\u2019aide pour le traitement des probl\u00e8mes de jeu au Canada"},"content":{"rendered":"\n<p>Le CCDUS et les partenaires qui ont cr\u00e9\u00e9 les Lignes directrices sur les habitudes de jeu \u00e0 moindre risque n\u2019offrent aucun service pour le traitement du jeu excessif. Veuillez communiquer avec la ligne d\u2019aide de votre province ou territoire pour obtenir des renseignements sur les services de traitement offerts pr\u00e8s de chez vous.<\/p>\n\n\n\n<h3><strong><strong>Appeler une ligne d\u2019aide<\/strong><\/strong><\/h3>\n\n\n\n<h6><strong><strong>Num\u00e9ro sans frais des lignes d\u2019aide<\/strong><\/strong><\/h6>\n\n\n\n<ul><li>Ligne d\u2019aide sur le jeu probl\u00e9matique de la Colombie-Britannique<br>1-888-795-6111<\/li><li>Ligne d&#8217;assistance en sant\u00e9 mentale et d\u00e9pendance de l&#8217;Alberta<br>1-866-332-2322<\/li><li>Ligne d\u2019aide sur le jeu probl\u00e9matique de la Saskatchewan<br>1-800-306-6789<\/li><li>Ligne d\u2019aide sur les d\u00e9pendances du Manitoba \u2013 jeu probl\u00e9matique<br>1-800-463-1554<\/li><li>Ligne d\u2019aide de ConnexOntario<br>1-866-531-2600<\/li><li>Jeu\u00a0: aide et r\u00e9f\u00e9rence, ligne d\u2019assistance du Qu\u00e9bec<br>1-800-461-0140<\/li><li>Ligne d\u2019information sur le jeu du Nouveau-Brunswick<br>1-800-461-1234<\/li><li>Ligne d\u2019aide pour les joueurs compulsifs de l\u2019\u00cele-du-Prince-\u00c9douard<br>1-855-255-4255<\/li><li>Ligne d\u2019assistance sur le jeu probl\u00e9matique de Terre-Neuve<br>1-888-899-4357<\/li><li>Services pour le mieux-\u00eatre mental et la lutte contre l\u2019alcoolisme et la toxicomanie du Yukon<br>1-866-456-3838<\/li><li>Ligne d\u2019aide g\u00e9n\u00e9rale des Territoires du Nord-Ouest<br>1-800-661-0844<\/li><li>Ligne d\u2019aide Kamatsiaqtut du Nunavut<br>1-800-265-3333<\/li><\/ul>\n","protected":false},"excerpt":{"rendered":"<p>Le CCDUS et les partenaires qui ont cr\u00e9\u00e9 les Lignes directrices sur les habitudes de jeu \u00e0 moindre risque n\u2019offrent aucun service pour le traitement du jeu excessif. Veuillez communiquer avec la ligne d\u2019aide de votre province ou territoire pour [&hellip;]<\/p>\n","protected":false},"author":4,"featured_media":0,"parent":0,"menu_order":14,"comment_status":"closed","ping_status":"closed","template":"","meta":{"inline_featured_image":false},"_links":{"self":[{"href":"https:\/\/gamblingguidelines.ca\/fr\/wp-json\/wp\/v2\/pages\/707"}],"collection":[{"href":"https:\/\/gamblingguidelines.ca\/fr\/wp-json\/wp\/v2\/pages"}],"about":[{"href":"https:\/\/gamblingguidelines.ca\/fr\/wp-json\/wp\/v2\/types\/page"}],"author":[{"embeddable":true,"href":"https:\/\/gamblingguidelines.ca\/fr\/wp-json\/wp\/v2\/users\/4"}],"replies":[{"embeddable":true,"href":"https:\/\/gamblingguidelines.ca\/fr\/wp-json\/wp\/v2\/comments?post=707"}],"version-history":[{"count":11,"href":"https:\/\/gamblingguidelines.ca\/fr\/wp-json\/wp\/v2\/pages\/707\/revisions"}],"predecessor-version":[{"id":3291,"href":"https:\/\/gamblingguidelines.ca\/fr\/wp-json\/wp\/v2\/pages\/707\/revisions\/3291"}],"wp:attachment":[{"href":"https:\/\/gamblingguidelines.ca\/fr\/wp-json\/wp\/v2\/media?parent=707"}],"curies":[{"name":"wp","href":"https:\/\/api.w.org\/{rel}","templated":true}]}}