{"id":511,"date":"2021-01-10T21:48:30","date_gmt":"2021-01-10T16:48:30","guid":{"rendered":"http:\/\/ccsa-lrgg-wordpress.ind.ninja\/?page_id=511"},"modified":"2022-02-10T15:26:46","modified_gmt":"2022-02-10T15:26:46","slug":"outil-evaluation-du-risque","status":"publish","type":"page","link":"https:\/\/gamblingguidelines.ca\/fr\/outil-evaluation-du-risque\/","title":{"rendered":"Outil interactif d\u2019\u00e9valuation du risque"},"content":{"rendered":"\n<p>Jouer est un choix personnel, et cet outil vous aidera \u00e0 \u00e9valuer vos choix.<\/p>\n\n\n\n<p>L\u2019outil interactif d\u2019\u00e9valuation du risque permettra aux adeptes des jeux de hasard et d\u2019argent (JHA) de comparer leurs habitudes de jeu aux recommandations des Lignes directrices sur les habitudes de jeu \u00e0 moindre risque afin de conna\u00eetre leur niveau de risque. L\u2019outil sera tr\u00e8s utile aux personnes qui veulent faire des choix \u00e9clair\u00e9s en mati\u00e8re de JHA.<\/p>\n\n\n\n<p>L\u2019outil vous posera quelques questions sur le \u00ab&nbsp;montant&nbsp;\u00bb, la \u00ab&nbsp;fr\u00e9quence&nbsp;\u00bb et le \u00ab&nbsp;nombre&nbsp;\u00bb correspondant \u00e0 vos habitudes de JHA pour voir si celles-ci respectent les lignes directrices.<\/p>\n\n\n\n<p>Les Lignes directrices sur les habitudes de jeu \u00e0 moindre risque et l\u2019outil d\u2019\u00e9valuation reposent sur des donn\u00e9es scientifiques r\u00e9centes et rigoureuses.<\/p>\n\n\n\n<div class=\"wp-container-1 wp-block-buttons\">\n<div class=\"wp-block-button\"><a class=\"wp-block-button__link\" href=\"\/fr\/outil-evaluation-du-risque\/outil-interactif-evaluation-du-risque\/\">Essayez l\u2019outil d\u2019\u00e9valuation des risques!&nbsp;<\/a><\/div>\n<\/div>\n","protected":false},"excerpt":{"rendered":"<p>Jouer est un choix personnel, et cet outil vous aidera \u00e0 \u00e9valuer vos choix. L\u2019outil interactif d\u2019\u00e9valuation du risque permettra aux adeptes des jeux de hasard et d\u2019argent (JHA) de comparer leurs habitudes de jeu aux recommandations des Lignes directrices [&hellip;]<\/p>\n","protected":false},"author":1,"featured_media":185,"parent":0,"menu_order":2,"comment_status":"closed","ping_status":"closed","template":"","meta":{"inline_featured_image":false},"_links":{"self":[{"href":"https:\/\/gamblingguidelines.ca\/fr\/wp-json\/wp\/v2\/pages\/511"}],"collection":[{"href":"https:\/\/gamblingguidelines.ca\/fr\/wp-json\/wp\/v2\/pages"}],"about":[{"href":"https:\/\/gamblingguidelines.ca\/fr\/wp-json\/wp\/v2\/types\/page"}],"author":[{"embeddable":true,"href":"https:\/\/gamblingguidelines.ca\/fr\/wp-json\/wp\/v2\/users\/1"}],"replies":[{"embeddable":true,"href":"https:\/\/gamblingguidelines.ca\/fr\/wp-json\/wp\/v2\/comments?post=511"}],"version-history":[{"count":30,"href":"https:\/\/gamblingguidelines.ca\/fr\/wp-json\/wp\/v2\/pages\/511\/revisions"}],"predecessor-version":[{"id":3119,"href":"https:\/\/gamblingguidelines.ca\/fr\/wp-json\/wp\/v2\/pages\/511\/revisions\/3119"}],"wp:featuredmedia":[{"embeddable":true,"href":"https:\/\/gamblingguidelines.ca\/fr\/wp-json\/wp\/v2\/media\/185"}],"wp:attachment":[{"href":"https:\/\/gamblingguidelines.ca\/fr\/wp-json\/wp\/v2\/media?parent=511"}],"curies":[{"name":"wp","href":"https:\/\/api.w.org\/{rel}","templated":true}]}}