{"id":337,"date":"2020-11-25T18:40:05","date_gmt":"2020-11-25T13:40:05","guid":{"rendered":"http:\/\/ccsa-lrgg-wordpress.ind.ninja\/?page_id=337"},"modified":"2021-08-18T19:56:20","modified_gmt":"2021-08-18T15:56:20","slug":"decouvrir-les-lignes-directrices","status":"publish","type":"page","link":"https:\/\/gamblingguidelines.ca\/fr\/about-lrgg-fr\/decouvrir-les-lignes-directrices\/","title":{"rendered":"Les Lignes directrices sur les habitudes de jeu \u00e0 moindre risque"},"content":{"rendered":"\n<h2><strong>Le d\u00e9fi<\/strong><\/h2>\n\n\n\n<p>Le jeu probl\u00e9matique est reconnu comme un important probl\u00e8me de sant\u00e9 publique. M\u00eame s\u2019ils sont l\u00e9gaux, les jeux de hasard et d\u2019argent (JHA) comportent des risques pour la population canadienne. \u00c0 ce jour, aucune ligne directrice fond\u00e9e sur des donn\u00e9es probantes n\u2019a \u00e9t\u00e9 \u00e9labor\u00e9e pour aider les adeptes des JHA \u00e0 pratiquer ce type d\u2019activit\u00e9 tout en r\u00e9duisant leurs risques de <a href=\"http:\/\/ccsa-lrgg-wordpress.ind.ninja\/fr\/lignes-directrices-sur-les-jeux\/problemes-lies-au-jeu\/\">vivre des cons\u00e9quences n\u00e9gatives.<\/a><\/p>\n\n\n\n<h2><strong>La r\u00e9ponse<\/strong><\/h2>\n\n\n\n<p>Le Centre canadien sur les d\u00e9pendances et l\u2019usage de substances (CCDUS) a pilot\u00e9 la cr\u00e9ation des premi\u00e8res <em>Lignes directrices sur les habitudes de jeu \u00e0 moindre risque <\/em>au pays pour aider les Canadiens \u00e0 prendre des d\u00e9cisions \u00e9clair\u00e9es par rapport \u00e0 leurs habitudes de jeu. <\/p>\n\n\n\n<p>Ces lignes directrices seront aussi utiles aux personnes charg\u00e9es de d\u00e9ployer des programmes de r\u00e9duction des cons\u00e9quences n\u00e9gatives li\u00e9es aux JHA ou de promouvoir la sant\u00e9 publique. Elles offrent des messages et des conseils factuels uniformes sur les pratiques de jeu \u00e0 moindre risque.<\/p>\n\n\n\n<h2><strong>\u00c0 qui seront utiles les lignes directrices?<\/strong><\/h2>\n\n\n\n<p>Les <em>Lignes directrices sur les habitudes de jeu \u00e0 moindre risque<\/em> seront utiles \u00e0 de nombreux groupes, notamment&nbsp;:<\/p>\n\n\n\n<ul><li>Les personnes qui s\u2019adonnent aux JHA, leurs amis ou les membres de leur famille qui sont aussi des joueurs;<\/li><li>Les d\u00e9cideurs, les responsables de la r\u00e9glementation et d\u2019autres acteurs qui travaillent \u00e0 r\u00e9duire les cons\u00e9quences n\u00e9gatives li\u00e9es aux JHA;<\/li><li>Les personnes qui pr\u00e9parent des documents de formation et des programmes de renforcement des comp\u00e9tences s\u2019adressant aux fournisseurs de soins de sant\u00e9 et aux professionnels param\u00e9dicaux et portant sur la fa\u00e7on de d\u00e9tecter les habitudes de jeu \u00e0 risque;<\/li><li>Les intervenants qui organisent des campagnes visant \u00e0 renseigner le public sur le jeu \u00e0 moindre risque.<\/li><\/ul>\n\n\n\n<h2><strong><strong>La cr\u00e9ation des lignes directrices<\/strong><\/strong><\/h2>\n\n\n\n<p>En avril 2016, le CCDUS a entam\u00e9 le travail de cr\u00e9ation des <em>Lignes directrices sur les habitudes de jeu \u00e0 moindre risque<\/em>. Pour ce faire, il a utilis\u00e9 \u00e0 une approche concert\u00e9e et fond\u00e9e sur des donn\u00e9es probantes semblable \u00e0 celle qui a servi \u00e0 produire les <a href=\"https:\/\/www.ccsa.ca\/fr\/lalcool-et-la-sante-au-canada-resume-des-donnees-probantes-et-directives-de-consommation-faible\" target=\"_blank\" rel=\"noreferrer noopener\">Directives de consommation d\u2019alcool \u00e0 faible risque du Canada<\/a> et les <a href=\"https:\/\/ajph.aphapublications.org\/doi\/full\/10.2105\/AJPH.2017.303818\" target=\"_blank\" rel=\"noreferrer noopener\">Recommandations canadiennes pour l\u2019usage du cannabis \u00e0 moindre risque<\/a>. Le projet a \u00e9t\u00e9 financ\u00e9 par la fondation Mise sur toi.<\/p>\n\n\n\n<p>Le Groupe de travail scientifique sur les <em>Lignes directrices de jeu \u00e0 moindre risque<\/em> (GTS-LDJMR) a \u00e9t\u00e9 mis sur pied en juillet 2016 pour encadrer le projet, offrir des conseils et effectuer des recherches dans le but d\u2019appuyer l\u2019\u00e9laboration des lignes directrices. Le groupe de travail se compose d\u2019experts en mati\u00e8re de JHA et d\u2019usage de substances. Il a d\u2019abord \u00e9t\u00e9 charg\u00e9 de pr\u00e9parer un <a href=\"https:\/\/academic.oup.com\/heapro\/article\/34\/6\/1207\/5092498\">plan de recherche<\/a>, qui a \u00e9t\u00e9 publi\u00e9 dans la revue <em>Health Promotion International<\/em>.<\/p>\n\n\n\n<p>Au terme de quatre ann\u00e9es de <strong>recherche et de consultations <\/strong>, le GTS-LDJMR a pu<a href=\"http:\/\/ccsa-lrgg-wordpress.ind.ninja\/fr\/lignes-directrices-sur-les-jeux\/quelles-sont-les-lignes-directrices\/\"> recommander un ensemble de limites quantitatives<\/a> , identifier les populations \u00e0 risque et les facteurs contextuels, et produire de l\u2019information sur le jeu \u00e0 moindre risque afin de l\u2019int\u00e9grer aux messages de sant\u00e9 publique.<\/p>\n\n\n\n<p>Pour pr\u00e9parer les lignes directrices et les documents qui les accompagnent, le CCDUS et le GTS-LDJMR ont&nbsp;:<\/p>\n\n\n\n<ul><li>analys\u00e9 plus de 260 courbes de risque de plus de 60&nbsp;000&nbsp;personnes qui jouent, de huit pays; &nbsp;<\/li><li>pass\u00e9 en vue les donn\u00e9es de 10&nbsp;000&nbsp;joueurs canadiens consult\u00e9s \u00e0 partir d\u2019un sondage en ligne administr\u00e9 deux fois;<\/li><li>tenu des entrevues et des groupes de discussion avec plus de 50 personnes qui s\u2019adonnent aux JHA \u00e0 travers le Canada;<\/li><li>r\u00e9alis\u00e9 deux revues exhaustives de la litt\u00e9rature;<\/li><li>consult\u00e9 un comit\u00e9 consultatif pancanadien multisectoriel comptant plus de 20&nbsp;membres;<\/li><li>collabor\u00e9 avec un groupe international d\u2019experts compos\u00e9 de certains des meilleurs chercheurs en jeu au monde.<\/li><\/ul>\n\n\n\n<p><\/p>\n","protected":false},"excerpt":{"rendered":"<p>Le d\u00e9fi Le jeu probl\u00e9matique est reconnu comme un important probl\u00e8me de sant\u00e9 publique. M\u00eame s\u2019ils sont l\u00e9gaux, les jeux de hasard et d\u2019argent (JHA) comportent des risques pour la population canadienne. \u00c0 ce jour, aucune ligne directrice fond\u00e9e sur [&hellip;]<\/p>\n","protected":false},"author":1,"featured_media":0,"parent":953,"menu_order":6,"comment_status":"closed","ping_status":"closed","template":"","meta":{"inline_featured_image":false},"_links":{"self":[{"href":"https:\/\/gamblingguidelines.ca\/fr\/wp-json\/wp\/v2\/pages\/337"}],"collection":[{"href":"https:\/\/gamblingguidelines.ca\/fr\/wp-json\/wp\/v2\/pages"}],"about":[{"href":"https:\/\/gamblingguidelines.ca\/fr\/wp-json\/wp\/v2\/types\/page"}],"author":[{"embeddable":true,"href":"https:\/\/gamblingguidelines.ca\/fr\/wp-json\/wp\/v2\/users\/1"}],"replies":[{"embeddable":true,"href":"https:\/\/gamblingguidelines.ca\/fr\/wp-json\/wp\/v2\/comments?post=337"}],"version-history":[{"count":35,"href":"https:\/\/gamblingguidelines.ca\/fr\/wp-json\/wp\/v2\/pages\/337\/revisions"}],"predecessor-version":[{"id":2632,"href":"https:\/\/gamblingguidelines.ca\/fr\/wp-json\/wp\/v2\/pages\/337\/revisions\/2632"}],"up":[{"embeddable":true,"href":"https:\/\/gamblingguidelines.ca\/fr\/wp-json\/wp\/v2\/pages\/953"}],"wp:attachment":[{"href":"https:\/\/gamblingguidelines.ca\/fr\/wp-json\/wp\/v2\/media?parent=337"}],"curies":[{"name":"wp","href":"https:\/\/api.w.org\/{rel}","templated":true}]}}