{"id":3039,"date":"2022-01-21T20:11:10","date_gmt":"2022-01-21T20:11:10","guid":{"rendered":"https:\/\/gamblingguidelines.ca\/?page_id=3039"},"modified":"2022-01-31T21:17:41","modified_gmt":"2022-01-31T21:17:41","slug":"webinaires","status":"publish","type":"page","link":"https:\/\/gamblingguidelines.ca\/fr\/ressources-ldha\/webinaires\/","title":{"rendered":"Webinaires"},"content":{"rendered":"\n<h2><strong>Pr\u00e9sentation des Lignes directrices sur les habitudes de jeu \u00e0 moindre risque<\/strong><\/h2>\n\n\n\n<p>Les premi\u00e8res Lignes directrices sur les habitudes de jeu \u00e0 moindre risque au monde ont \u00e9t\u00e9 rendues publiques \u00e0 l\u2019automne 2021. Le Centre canadien sur les d\u00e9pendances et l\u2019usage de substances a par la suite organis\u00e9 un webinaire pour les faire d\u00e9couvrir au public.<\/p>\n\n\n\n<p>Les participants au webinaire ont pu assister \u00e0 des pr\u00e9sentations faites par des membres du Groupe de travail scientifique sur les Lignes directrices de jeu \u00e0 moindre risque qui ont pilot\u00e9 le projet, soit Matthew Young, Ph.D., et Louise Nadeau, Ph.D.<\/p>\n\n\n\n<p>Pendant le webinaire, M. Young et Mme Nadeau ont d\u00e9crit en quoi consistent les lignes directrices et le processus suivi pour leur \u00e9laboration, en plus de r\u00e9pondre aux questions des participants sur ce travail novateur. &nbsp;<\/p>\n\n\n\n<p>Vous pouvez visionner le webinaire ici&nbsp;:<\/p>\n\n\n\n<figure class=\"wp-block-embed is-type-rich is-provider-embed-handler wp-block-embed-embed-handler wp-embed-aspect-16-9 wp-has-aspect-ratio\"><div class=\"wp-block-embed__wrapper\">\n<iframe loading=\"lazy\" title=\"Pr\u00e9sentation des Lignes directrices sur les habitudes de jeu \u00e0 moindre risque\" width=\"500\" height=\"281\" src=\"https:\/\/www.youtube.com\/embed\/BY6obET9K7I?feature=oembed\" frameborder=\"0\" allow=\"accelerometer; autoplay; clipboard-write; encrypted-media; gyroscope; picture-in-picture\" allowfullscreen><\/iframe>\n<\/div><\/figure>\n\n\n\n<p> <a href=\"\/app\/uploads\/2022\/01\/LRGG-Webinar-Lower-Risk-Gambling-Guidelines-Transcript-2022-fr.pdf\" target=\"_blank\" rel=\"noreferrer noopener\">T\u00e9l\u00e9charger la transcription<\/a> <\/p>\n","protected":false},"excerpt":{"rendered":"<p>Pr\u00e9sentation des Lignes directrices sur les habitudes de jeu \u00e0 moindre risque Les premi\u00e8res Lignes directrices sur les habitudes de jeu \u00e0 moindre risque au monde ont \u00e9t\u00e9 rendues publiques \u00e0 l\u2019automne 2021. Le Centre canadien sur les d\u00e9pendances et [&hellip;]<\/p>\n","protected":false},"author":4,"featured_media":0,"parent":788,"menu_order":3,"comment_status":"closed","ping_status":"closed","template":"","meta":{"inline_featured_image":false},"_links":{"self":[{"href":"https:\/\/gamblingguidelines.ca\/fr\/wp-json\/wp\/v2\/pages\/3039"}],"collection":[{"href":"https:\/\/gamblingguidelines.ca\/fr\/wp-json\/wp\/v2\/pages"}],"about":[{"href":"https:\/\/gamblingguidelines.ca\/fr\/wp-json\/wp\/v2\/types\/page"}],"author":[{"embeddable":true,"href":"https:\/\/gamblingguidelines.ca\/fr\/wp-json\/wp\/v2\/users\/4"}],"replies":[{"embeddable":true,"href":"https:\/\/gamblingguidelines.ca\/fr\/wp-json\/wp\/v2\/comments?post=3039"}],"version-history":[{"count":3,"href":"https:\/\/gamblingguidelines.ca\/fr\/wp-json\/wp\/v2\/pages\/3039\/revisions"}],"predecessor-version":[{"id":3058,"href":"https:\/\/gamblingguidelines.ca\/fr\/wp-json\/wp\/v2\/pages\/3039\/revisions\/3058"}],"up":[{"embeddable":true,"href":"https:\/\/gamblingguidelines.ca\/fr\/wp-json\/wp\/v2\/pages\/788"}],"wp:attachment":[{"href":"https:\/\/gamblingguidelines.ca\/fr\/wp-json\/wp\/v2\/media?parent=3039"}],"curies":[{"name":"wp","href":"https:\/\/api.w.org\/{rel}","templated":true}]}}