{"id":1985,"date":"2021-07-06T17:06:17","date_gmt":"2021-07-06T13:06:17","guid":{"rendered":"http:\/\/ccsa-lrgg-wordpress.ind.ninja\/?page_id=1985"},"modified":"2023-01-26T19:49:24","modified_gmt":"2023-01-26T19:49:24","slug":"science-derriere-lignes-directrices","status":"publish","type":"page","link":"https:\/\/gamblingguidelines.ca\/fr\/science-derriere-lignes-directrices\/","title":{"rendered":"La science derri\u00e8re les lignes directrices"},"content":{"rendered":"\n<p>Pendant le processus d\u2019\u00e9laboration des Lignes directrices sur les habitudes de jeu \u00e0 moindre risque, l\u2019\u00e9quipe a aussi r\u00e9alis\u00e9 plusieurs projets de recherche compl\u00e9mentaires. Le tableau qui suit contient de l\u2019information sur ces projets et des liens vers des publications \u00e0 consulter pour en savoir plus.<\/p>\n\n\n\n<p>Si vous avez des questions concernant ces projets, veuillez remplir le formulaire <a href=\"\/fr\/contactez-nous\/\">Nous joindre<\/a>.<\/p>\n\n\n\n<div class=\"wp-block-columns\">\n<div class=\"wp-block-column\" style=\"flex-basis:100%\">\n<div class=\"wp-container-1 wp-block-group\"><div class=\"wp-block-group__inner-container\">\n<figure class=\"wp-block-table is-style-stripes\"><table><tbody><tr><td><h5><strong>Projet de recherche<\/strong><\/h5><\/td><td><h5><strong>M\u00e9thodes et r\u00e9sultats<\/strong><\/h5><\/td><td><h5><strong>Renseignements de r\u00e9f\u00e9rence<\/strong><\/h5><\/td><\/tr><tr><td>Protocole de recherche<\/td><td>Le protocole de recherche a \u00e9t\u00e9 \u00e9labor\u00e9 en 2016 et publi\u00e9 en 2018.<\/td><td>Currie, S.R. et Groupe de travail scientifique sur les Lignes directrices de jeu \u00e0 moindre risque. \u00ab A research plan to define Canada\u2019s first low-risk gambling guidelines \u00bb, Health Promotion International, vol. 34, no 6, 2019, p. 1207\u20131217. <br><br><a href=\"https:\/\/doi.org\/10.1093\/heapro\/day074\" target=\"_blank\" rel=\"noreferrer noopener\">https:\/\/doi.org\/10.1093\/heapro\/day074<\/a><\/td><\/tr><tr><td>Analyses des courbes de risque<\/td><td>Des courbes de la fonction d\u2019efficacit\u00e9 de l\u2019observateur comparant la pratique du jeu (pourcentage du revenu mensuel du m\u00e9nage, fr\u00e9quence par mois et nombre de formes de jeux au cours de la derni\u00e8re ann\u00e9e) aux cons\u00e9quences n\u00e9gatives li\u00e9es au jeu (d\u00e9finies selon les items de l\u2019Indice de gravit\u00e9 du jeu probl\u00e9matique) ont \u00e9t\u00e9 g\u00e9n\u00e9r\u00e9es pour 11 bases de donn\u00e9es populationnelles repr\u00e9sentatives provenant de huit pays.<br><br>Pour chaque courbe, on a d\u00e9fini une limite inf\u00e9rieure en appliquant l\u2019indice de Youden et une limite sup\u00e9rieure en maximisant la sp\u00e9cificit\u00e9 tout en s\u2019assurant que la sensibilit\u00e9 \u00e9tait de 0,5 ou plus.<br><br>On a proc\u00e9d\u00e9 \u00e0 une analyse modale de l\u2019ensemble des limites et au calcul de la moyenne des limites sup\u00e9rieures et inf\u00e9rieures pour g\u00e9n\u00e9rer une moyenne globale. La validation de la moyenne globale a \u00e9t\u00e9 faite par inspection visuelle de chaque courbe de risque.<\/td><td>Hodgins, D.C., M.M. Young, S.R. Currie, M. Abbott, R. Billi, N. Brunelle, \u2026 et L. Nadeau. \u00ab Lower-risk gambling limits: linked analyses across eight countries \u00bb, International Gambling Studies, 2022, p. 1-17. <br><br><a href=\"https:\/\/doi.org\/10.1080\/14459795.2022.2143546\" target=\"_blank\" rel=\"noreferrer noopener\">https:\/\/doi.org\/10.1080\/14459795.2022.2143546<\/a><\/td><\/tr><tr><td>\u00c9valuation de la variation cumulative du risque de cons\u00e9quences n\u00e9gatives selon les diff\u00e9rentes limites de jeu possibles<\/td><td>Calcul de l\u2019augmentation graduelle de la variation cumulative du risque de cons\u00e9quences n\u00e9gatives li\u00e9es au jeu (p. ex. difficult\u00e9s financi\u00e8res, relations, d\u00e9tresse \u00e9motionnelle et psychologique, probl\u00e8mes de sant\u00e9) en fonction de l\u2019augmentation de la limite de participation au jeu (pourcentage, fr\u00e9quence et formes de jeux).<\/td><td>Young, M.M., D.C. Hodgins, S.R. Currie, N. Brunelle, M. Dufour, M.-C. Flores-Pajot et L. Nadeau. \u00ab Not too much, not too often, and not too many: The results of the first large-scale, international project to develop lower-risk gambling guidelines \u00bb, International Journal of Mental Health and Addiction, 2022. <br><br><a href=\"https:\/\/doi.org\/10.1007\/s11469-022-00896-w\" target=\"_blank\" rel=\"noreferrer noopener\">https:\/\/doi.org\/10.1007\/s11469-022-00896-w<\/a><\/td><\/tr><tr><td>Enqu\u00eate en ligne sur le jeu<\/td><td>Un \u00e9chantillon de personnes s\u2019adonnant r\u00e9guli\u00e8rement au jeu a \u00e9t\u00e9 recrut\u00e9 \u00e0 partir d\u2019un bassin de pan\u00e9listes en ligne associ\u00e9s \u00e0 l\u2019entreprise de sondage L\u00e9ger360 pour une enqu\u00eate men\u00e9e en collaboration avec le Alberta Gambling Research Institute.<br><br>Les r\u00e9ponses de la phase I ont \u00e9t\u00e9 recueillies en ao\u00fbt 2018 (n = 10 054).<br><br>Les r\u00e9ponses de la phase II ont \u00e9t\u00e9 recueillies en ao\u00fbt 2019 dans le cadre d\u2019une enqu\u00eate de suivi aupr\u00e8s des participants \u00e0 la phase I (n = 4 707).<\/td><td>Currie, S.R., N. Brunelle, M. Dufour, M.-C. Flores-Pajot, D. Hodgins, L. Nadeau et M. Young. \u00ab Use of self-control strategies for managing gambling habits leads to less harm in regular gamblers \u00bb, Journal of Gambling Studies, vol. 36, no 2, 2020, p. 685\u2013698. <br><br><a href=\"https:\/\/doi.org\/10.1007\/s10899-019-09918-0\" target=\"_blank\" rel=\"noreferrer noopener\">https:\/\/doi.org\/10.1007\/s10899-019-09918-0<\/a><br><br>et<br><br>Young, M.M., D.C. Hodgins, S.R. Currie, N. Brunelle, M. Dufour, M.-C. Flores-Pajot et L. Nadeau. \u00ab Not too much, not too often, and not too many: The results of the first large-scale, international project to develop lower-risk gambling guidelines \u00bb, International Journal of Mental Health and Addiction, 2022. <br><br><a href=\"https:\/\/doi.org\/10.1007\/s11469-022-00896-w\" target=\"_blank\" rel=\"noreferrer noopener\">https:\/\/doi.org\/10.1007\/s11469-022-00896-w<\/a><\/td><\/tr><tr><td>Entrevues et groupes de discussion avec des personnes qui s\u2019adonnent au jeu<\/td><td>Des 10 054 participants \u00e0 la phase I de l\u2019enqu\u00eate en ligne, 5 018 r\u00e9pondants ont d\u00e9clar\u00e9 utiliser au moins \u00e0 l\u2019occasion une strat\u00e9gie d\u2019autocontr\u00f4le. Parmi ceux-ci, 56 personnes (27 hommes et 29 femmes) ont pris part \u00e0 neuf groupes de discussion et \u00e0 cinq entrevues individuelles \u00e0 Montr\u00e9al (en fran\u00e7ais), \u00e0 Calgary et \u00e0 Toronto (en anglais). Tous les participants ont indiqu\u00e9 avoir jou\u00e9 plus d\u2019une fois au cours du mois pr\u00e9c\u00e9dant l\u2019enqu\u00eate.<\/td><td>Flores-Pajot, M.-C., S. Atif, M. Dufour, N. Brunelle, S.R. Currie, D.C. Hodgins, L. Nadeau et M.M. Young. \u00ab Gambling self-control strategies: A qualitative analysis \u00bb, International Journal of Environmental Research and Public Health, vol. 18, no 2, 2021, article 586. <br><br><a href=\"https:\/\/doi.org\/10.3390\/ijerph18020586\" target=\"_blank\" rel=\"noreferrer noopener\">https:\/\/doi.org\/10.3390\/ijerph18020586<\/a><\/td><\/tr><tr><td>Revue de la litt\u00e9rature et m\u00e9ta-analyse sur les populations \u00e0 risque et les facteurs contextuels associ\u00e9s au risque de jeu probl\u00e9matique<\/td><td>Une revue syst\u00e9matique d\u2019articles de la litt\u00e9rature publi\u00e9e et de la litt\u00e9rature grise a \u00e9t\u00e9 r\u00e9alis\u00e9e afin de recenser les enqu\u00eates sur la pr\u00e9valence du jeu men\u00e9es dans le monde jusqu\u2019en mars 2019. En tout, 255 \u00e9tudes ont \u00e9t\u00e9 recens\u00e9es; de ce nombre, 181 contenaient des donn\u00e9es sur les corr\u00e9lats du jeu probl\u00e9matique utiles pour les analyses. Dont 104 contenaient suffisamment de donn\u00e9es pour les inclure dans le calcul d\u2019un rapport de cotes dans la m\u00e9ta-analyse, ce qui permet de caract\u00e9riser l\u2019importance de la relation entre le corr\u00e9lat et le jeu probl\u00e9matique.<\/td><td>Allami, Y., D.C. Hodgins, M. Young, N. Brunelle, S. Currie, M. Dufour, M.-C. Flores-Pajot et L. Nadeau. \u00ab A meta-analysis of problem gambling risk factors in the general adult population \u00bb, Addiction, vol. 116, 2021, p. 2968\u20132977. <br><br><a href=\"https:\/\/doi.org\/10.1111\/add.15449\" target=\"_blank\" rel=\"noreferrer noopener\">https:\/\/doi.org\/10.1111\/add.15449<\/a><\/td><\/tr><\/tbody><\/table><\/figure>\n\n\n\n<p class=\"has-text-align-center\">\u00c9tudes faites par des tiers (\u00e0 noter que cette liste n\u2019est pas exhaustive)<\/p>\n\n\n\n<p>Jonsson, J., D.C. Hodgins, A. Lyckberg, S. Currie, M.M. Young, S. Pallesen et P. Carlbring. \u00ab In search of lower risk gambling levels using behavioral data from a gambling monopolist \u00bb, Journal of Behavioral Addictions, vol. 11, no 3, 2022, p. 890-899. <br><a href=\"https:\/\/doi.org\/10.1556\/2006.2022.00062\" target=\"_blank\" rel=\"noreferrer noopener\">https:\/\/doi.org\/10.1556\/2006.2022.00062<\/a><\/p>\n\n\n\n<p>Rochester, E. et J.A. Cunningham. \u00ab Applying the Canadian low-risk gambling guidelines to gambling harm reduction in England \u00bb, Journal of Gambling Studies, 2023. <br><a href=\"https:\/\/doi.org\/10.1007\/s10899-022-10186-8\" target=\"_blank\" rel=\"noreferrer noopener\">https:\/\/doi.org\/10.1007\/s10899-022-10186-8<\/a><\/p>\n\n\n\n<p>The Behavioural Insights Team. Lower-risk gambling guidelines (PDF d\u2019une pr\u00e9sentation PowerPoint), chez l\u2019auteur, 9 septembre 2022. <br><a href=\"https:\/\/www.bi.team\/wp-content\/uploads\/2022\/09\/FINAL-BIT-experiment-results-Lower-risk-gambling-guidelines.pdf\" target=\"_blank\" rel=\"noreferrer noopener\">https:\/\/www.bi.team\/wp-content\/uploads\/2022\/09\/FINAL-BIT-experiment-results-Lower-risk-gambling-guidelines.pdf<\/a><\/p>\n<\/div><\/div>\n<\/div>\n<\/div>\n","protected":false},"excerpt":{"rendered":"<p>Pendant le processus d\u2019\u00e9laboration des Lignes directrices sur les habitudes de jeu \u00e0 moindre risque, l\u2019\u00e9quipe a aussi r\u00e9alis\u00e9 plusieurs projets de recherche compl\u00e9mentaires. Le tableau qui suit contient de l\u2019information sur ces projets et des liens vers des publications [&hellip;]<\/p>\n","protected":false},"author":4,"featured_media":0,"parent":0,"menu_order":0,"comment_status":"closed","ping_status":"closed","template":"","meta":{"inline_featured_image":false},"_links":{"self":[{"href":"https:\/\/gamblingguidelines.ca\/fr\/wp-json\/wp\/v2\/pages\/1985"}],"collection":[{"href":"https:\/\/gamblingguidelines.ca\/fr\/wp-json\/wp\/v2\/pages"}],"about":[{"href":"https:\/\/gamblingguidelines.ca\/fr\/wp-json\/wp\/v2\/types\/page"}],"author":[{"embeddable":true,"href":"https:\/\/gamblingguidelines.ca\/fr\/wp-json\/wp\/v2\/users\/4"}],"replies":[{"embeddable":true,"href":"https:\/\/gamblingguidelines.ca\/fr\/wp-json\/wp\/v2\/comments?post=1985"}],"version-history":[{"count":62,"href":"https:\/\/gamblingguidelines.ca\/fr\/wp-json\/wp\/v2\/pages\/1985\/revisions"}],"predecessor-version":[{"id":3220,"href":"https:\/\/gamblingguidelines.ca\/fr\/wp-json\/wp\/v2\/pages\/1985\/revisions\/3220"}],"wp:attachment":[{"href":"https:\/\/gamblingguidelines.ca\/fr\/wp-json\/wp\/v2\/media?parent=1985"}],"curies":[{"name":"wp","href":"https:\/\/api.w.org\/{rel}","templated":true}]}}