{"id":1634,"date":"2021-01-29T12:45:14","date_gmt":"2021-01-29T07:45:14","guid":{"rendered":"http:\/\/ccsa-lrgg-wordpress.ind.ninja\/?page_id=1634"},"modified":"2021-08-19T20:31:31","modified_gmt":"2021-08-19T16:31:31","slug":"types-of-gambling-fr","status":"publish","type":"page","link":"https:\/\/gamblingguidelines.ca\/fr\/lignes-directrices-sur-les-jeux\/types-of-gambling-fr\/","title":{"rendered":"Formes de jeux"},"content":{"rendered":"\n<div class=\"wp-block-columns\">\n<div class=\"wp-block-column\" style=\"flex-basis:66.66%\">\n<p>\u00a0Vous jouez? Attention \u00e0 vos choix de jeux de hasard et d\u2019argent.<\/p>\n\n\n\n<p>Certaines formes de jeux, comme les appareils de loterie vid\u00e9o ou le poker en ligne&nbsp;:<\/p>\n\n\n\n<ul><li>permettent de faire des mises rapidement;<\/li><li>pourraient vous amener \u00e0 jouer plus souvent;<\/li><li>pourraient vous amener \u00e0 jouer plus longtemps;<\/li><li>pourraient vous amener \u00e0 d\u00e9penser plus d\u2019argent.<\/li><\/ul>\n\n\n\n<p>D\u2019autres formes de jeux, comme la loterie (p. ex. acheter un billet de loterie par semaine)&nbsp;:<\/p>\n\n\n\n<ul><li>ont un rythme plus lent;<\/li><li>sont moins intenses;<\/li><li>entra\u00eenent moins de d\u00e9penses.<\/li><\/ul>\n<\/div>\n\n\n\n<div class=\"wp-block-column\" style=\"flex-basis:33.33%\">\n<figure class=\"wp-block-image size-large\"><a href=\"\/fr\/resource\/when-gambling-what-you-play-matters-poster\/\" target=\"_blank\" rel=\"noopener\"><img loading=\"lazy\" width=\"500\" height=\"647\" src=\"http:\/\/ccsa-lrgg-wordpress.ind.ninja\/app\/uploads\/2021\/01\/LRGG-When-Gambling-What-You-Play-Matters-Poster-2021-fr.png\" alt=\"Vous jouez? Attention \u00e0 vos choix de jeux de hasard et d\u2019argent [affiche]\" class=\"wp-image-2181\" srcset=\"https:\/\/gamblingguidelines.ca\/app\/uploads\/2021\/01\/LRGG-When-Gambling-What-You-Play-Matters-Poster-2021-fr.png 500w, https:\/\/gamblingguidelines.ca\/app\/uploads\/2021\/01\/LRGG-When-Gambling-What-You-Play-Matters-Poster-2021-fr-232x300.png 232w, https:\/\/gamblingguidelines.ca\/app\/uploads\/2021\/01\/LRGG-When-Gambling-What-You-Play-Matters-Poster-2021-fr-155x200.png 155w\" sizes=\"(max-width: 500px) 100vw, 500px\" \/><\/a><\/figure>\n<\/div>\n<\/div>\n\n\n\n<p>Quand vous jouez, tenez compte de la forme de jeux que vous choisissez. Votre facilit\u00e9 \u00e0 suivre les Lignes directrices sur les habitudes de jeu \u00e0 moindre risque d\u00e9pendra de vos choix.<\/p>\n","protected":false},"excerpt":{"rendered":"<p>\u00a0Vous jouez? Attention \u00e0 vos choix de jeux de hasard et d\u2019argent. Certaines formes de jeux, comme les appareils de loterie vid\u00e9o ou le poker en ligne&nbsp;: permettent de faire des mises rapidement; pourraient vous amener \u00e0 jouer plus souvent; [&hellip;]<\/p>\n","protected":false},"author":4,"featured_media":0,"parent":28,"menu_order":4,"comment_status":"closed","ping_status":"closed","template":"","meta":{"inline_featured_image":false},"_links":{"self":[{"href":"https:\/\/gamblingguidelines.ca\/fr\/wp-json\/wp\/v2\/pages\/1634"}],"collection":[{"href":"https:\/\/gamblingguidelines.ca\/fr\/wp-json\/wp\/v2\/pages"}],"about":[{"href":"https:\/\/gamblingguidelines.ca\/fr\/wp-json\/wp\/v2\/types\/page"}],"author":[{"embeddable":true,"href":"https:\/\/gamblingguidelines.ca\/fr\/wp-json\/wp\/v2\/users\/4"}],"replies":[{"embeddable":true,"href":"https:\/\/gamblingguidelines.ca\/fr\/wp-json\/wp\/v2\/comments?post=1634"}],"version-history":[{"count":25,"href":"https:\/\/gamblingguidelines.ca\/fr\/wp-json\/wp\/v2\/pages\/1634\/revisions"}],"predecessor-version":[{"id":2704,"href":"https:\/\/gamblingguidelines.ca\/fr\/wp-json\/wp\/v2\/pages\/1634\/revisions\/2704"}],"up":[{"embeddable":true,"href":"https:\/\/gamblingguidelines.ca\/fr\/wp-json\/wp\/v2\/pages\/28"}],"wp:attachment":[{"href":"https:\/\/gamblingguidelines.ca\/fr\/wp-json\/wp\/v2\/media?parent=1634"}],"curies":[{"name":"wp","href":"https:\/\/api.w.org\/{rel}","templated":true}]}}